{"id":22770,"date":"2014-07-09T07:52:09","date_gmt":"2014-07-09T07:52:09","guid":{"rendered":"https:\/\/dominguezventura.es\/dvaa-abogadas\/"},"modified":"2024-07-17T09:10:17","modified_gmt":"2024-07-17T09:10:17","slug":"dvaa-abogadas","status":"publish","type":"page","link":"https:\/\/dominguezventura.es\/ca\/","title":{"rendered":"Home Business"},"content":{"rendered":"<div class=\"wpb-content-wrapper\"><p>[vc_row row_type=&#8221;row&#8221; use_row_as_full_screen_section=&#8221;no&#8221; type=&#8221;full_width&#8221; text_align=&#8221;left&#8221; background_animation=&#8221;none&#8221; css_animation=&#8221;&#8221; background_color=&#8221;#ffffff&#8221; css=&#8221;.vc_custom_1671612865694{margin-top: 0px !important;}&#8221;][vc_column][vc_row_inner row_type=&#8221;row&#8221; type=&#8221;grid&#8221; use_row_as_full_screen_section_slide=&#8221;no&#8221; text_align=&#8221;left&#8221; padding_top=&#8221;70&#8243; padding_bottom=&#8221;65&#8243; css_animation=&#8221;&#8221; background_color=&#8221;#ffffff&#8221;][vc_column_inner][vc_column_text css=&#8221;&#8221;]<\/p>\n<h1>DVAA | Dom\u00ednguez Ventura Advocades<\/h1>\n<p>[\/vc_column_text][vc_separator type=&#8221;transparent&#8221; border_style=&#8221;&#8221; up=&#8221;35&#8243; down=&#8221;0&#8243;][vc_column_text]<\/p>\n<h4>Som especialistes en Dret Sanitari. Assessorem i defensem professionals sanitaris, centres p\u00fablics i privats, corporacions, societats professionals i companyies d&#8217;assegurances.<\/h4>\n<h4>Tamb\u00e9 comptem amb una \u00e0mplia experi\u00e8ncia en assessorament i defensa en els \u00e0mbits de la responsabilitat civil i \u00a0dret de l\u2019asseguran\u00e7a.<\/h4>\n<h4>El nostre servei i assessorament sempre \u00e9s personalitzat, proper i continuat.<\/h4>\n<p>[\/vc_column_text][\/vc_column_inner][\/vc_row_inner][\/vc_column][\/vc_row][vc_row row_type=&#8221;row&#8221; use_row_as_full_screen_section=&#8221;no&#8221; type=&#8221;grid&#8221; text_align=&#8221;left&#8221; background_animation=&#8221;none&#8221; css_animation=&#8221;&#8221; background_color=&#8221;rgba(153,153,51,0.08)&#8221;][vc_column][vc_separator type=&#8221;normal&#8221; border_style=&#8221;&#8221; up=&#8221;30&#8243; color=&#8221;#f5f5f5&#8243;][vc_column_text]<\/p>\n<h3>LES NOSTRES \u00c0REES D&#8217;ESPECIALITAT<\/h3>\n<p>[\/vc_column_text][vc_row_inner row_type=&#8221;row&#8221; type=&#8221;grid&#8221; use_row_as_full_screen_section_slide=&#8221;no&#8221; text_align=&#8221;left&#8221; padding_top=&#8221;85&#8243; padding_bottom=&#8221;55&#8243; css_animation=&#8221;&#8221; background_color=&#8221;#f5f5f5&#8243; css=&#8221;.vc_custom_1639746692870{padding-top: 30px !important;}&#8221;][vc_column_inner width=&#8221;1\/5&#8243;][vc_single_image image=&#8221;22145&#8243; img_size=&#8221;120&#215;120&#8243; alignment=&#8221;center&#8221; style=&#8221;vc_box_circle_2&#8243; css=&#8221;.vc_custom_1665649391574{padding-bottom: 20px !important;}&#8221; qode_css_animation=&#8221;&#8221;][vc_column_text]<\/p>\n<h6 style=\"text-align: center;\"><a href=\"https:\/\/dominguezventura.es\/ca\/derecho-sanitario\/\">DRET SANITARI<\/a><\/h6>\n<p>[\/vc_column_text][vc_separator type=&#8221;transparent&#8221; border_style=&#8221;&#8221; up=&#8221;17&#8243; down=&#8221;0&#8243;][\/vc_column_inner][vc_column_inner width=&#8221;1\/5&#8243;][vc_single_image image=&#8221;22147&#8243; img_size=&#8221;120&#215;120&#8243; alignment=&#8221;center&#8221; style=&#8221;vc_box_circle_2&#8243; css=&#8221;.vc_custom_1665649472375{padding-bottom: 20px !important;}&#8221; qode_css_animation=&#8221;&#8221;][vc_column_text]<\/p>\n<h6 style=\"text-align: center;\"><a href=\"https:\/\/dominguezventura.es\/ca\/derecho-civil\/\">DRET CIVIL<\/a><\/h6>\n<p>[\/vc_column_text][vc_separator type=&#8221;transparent&#8221; border_style=&#8221;&#8221; up=&#8221;40&#8243; down=&#8221;0&#8243;][\/vc_column_inner][vc_column_inner width=&#8221;1\/5&#8243;][vc_single_image image=&#8221;22148&#8243; img_size=&#8221;120&#215;120&#8243; alignment=&#8221;center&#8221; style=&#8221;vc_box_circle_2&#8243; css=&#8221;.vc_custom_1665649479308{padding-bottom: 20px !important;}&#8221; qode_css_animation=&#8221;&#8221;][vc_column_text]<\/p>\n<h6 style=\"text-align: center;\"><a href=\"https:\/\/dominguezventura.es\/ca\/derecho-penal\/\">DRET PENAL<\/a><\/h6>\n<p>[\/vc_column_text][vc_separator type=&#8221;transparent&#8221; border_style=&#8221;&#8221; up=&#8221;17&#8243; down=&#8221;0&#8243;][\/vc_column_inner][vc_column_inner width=&#8221;1\/5&#8243;][vc_single_image image=&#8221;22149&#8243; img_size=&#8221;120&#215;120&#8243; alignment=&#8221;center&#8221; style=&#8221;vc_box_circle_2&#8243; css=&#8221;.vc_custom_1665649485621{padding-bottom: 20px !important;}&#8221; qode_css_animation=&#8221;&#8221;][vc_column_text]<\/p>\n<h6 style=\"text-align: center;\"><a href=\"https:\/\/dominguezventura.es\/ca\/derecho-administrativo\/\">DRET ADMINISTRATIU<\/a><\/h6>\n<p>[\/vc_column_text][vc_separator type=&#8221;transparent&#8221; border_style=&#8221;&#8221; up=&#8221;17&#8243; down=&#8221;0&#8243;][\/vc_column_inner][vc_column_inner width=&#8221;1\/5&#8243;][vc_single_image image=&#8221;22150&#8243; img_size=&#8221;120&#215;120&#8243; alignment=&#8221;center&#8221; style=&#8221;vc_box_circle_2&#8243; css=&#8221;.vc_custom_1665649494172{padding-bottom: 20px !important;}&#8221; qode_css_animation=&#8221;&#8221;][vc_column_text]<\/p>\n<h6 style=\"text-align: center;\"><a href=\"https:\/\/dominguezventura.es\/ca\/servicios-externos\/\">SERVEIS EXTERNS<\/a><\/h6>\n<p>[\/vc_column_text][vc_separator type=&#8221;transparent&#8221; border_style=&#8221;&#8221; up=&#8221;17&#8243; down=&#8221;0&#8243;][\/vc_column_inner][\/vc_row_inner][\/vc_column][\/vc_row][vc_row row_type=&#8221;parallax&#8221; text_align=&#8221;left&#8221; background_image=&#8221;22316&#8243; full_screen_section_height=&#8221;no&#8221; section_height=&#8221;365&#8243;][vc_column][vc_row_inner row_type=&#8221;row&#8221; type=&#8221;grid&#8221; use_row_as_full_screen_section_slide=&#8221;no&#8221; text_align=&#8221;left&#8221; padding_top=&#8221;50&#8243; padding_bottom=&#8221;50&#8243; css_animation=&#8221;&#8221;][vc_column_inner]<span class=\"q_font_elegant_holder q_icon_shortcode normal  \" style=\"font-size: 50px;color: #999933; \"><a href=\"#\" target=\"_self\"><span class=\"q_font_elegant_icon icon_quotations\" aria-hidden=\"true\" style=\"font-size: 50px;width: 50px;height: 50px;\"><\/span><\/a><\/span>[vc_separator type=&#8221;transparent&#8221; border_style=&#8221;&#8221; up=&#8221;55&#8243; down=&#8221;0&#8243;]<div class=\"testimonials_holder clearfix  \"><div class=\"testimonials testimonials_carousel\" data-show-navigation=\"no\" data-show-navigation-arrows=\"no\" data-animation-type=\"fade\" data-animation-speed=\"\" data-auto-rotate-slides=\"3\"><ul class=\"slides\"><li id=\"testimonials22832\" class=\"testimonial_content\"><div class=\"testimonial_content_inner\"><div class=\"testimonial_text_holder left_align\"><div class=\"testimonial_text_inner\"><p style='font-size:21px;color:#ffffff;'>El nostre principal objectiu \u00e9s donar un servei personalitzat, proper, continu i basat en la r\u00e0pida resposta als nostres clients<\/p><p class=\"testimonial_author\" style=\"color: #ffffff;\">- <\/p><\/div><\/div><\/div><\/li><\/ul><\/div><\/div>[vc_column_text]<img loading=\"lazy\" decoding=\"async\" class=\"alignnone wp-image-22229\" src=\"https:\/\/dominguezventura.es\/wp-content\/uploads\/2022\/11\/logo_adv_blanc3-300x138.png\" alt=\"\" width=\"102\" height=\"47\" srcset=\"https:\/\/dominguezventura.es\/wp-content\/uploads\/2022\/11\/logo_adv_blanc3-300x138.png 300w, https:\/\/dominguezventura.es\/wp-content\/uploads\/2022\/11\/logo_adv_blanc3-345x160.png 345w, https:\/\/dominguezventura.es\/wp-content\/uploads\/2022\/11\/logo_adv_blanc3.png 348w\" sizes=\"auto, (max-width: 102px) 100vw, 102px\" \/>[\/vc_column_text][\/vc_column_inner][\/vc_row_inner][\/vc_column][\/vc_row][vc_row row_type=&#8221;row&#8221; use_row_as_full_screen_section=&#8221;no&#8221; type=&#8221;full_width&#8221; text_align=&#8221;left&#8221; background_animation=&#8221;none&#8221; css_animation=&#8221;&#8221; background_color=&#8221;#ffffff&#8221;][vc_column]<div class=\"call_to_action normal\" style=\"background-color: #ffffff;\"><div class=\"container_inner\"><div class=\"two_columns_75_25 clearfix\"><div class=\"text_wrapper column1\"><div class=\"call_to_action_text\" style=\"\"><\/p>\n<h3>La for\u00e7a d&#8217;un equip cohesionat<\/h3>\n<p><\/div><\/div><div class=\"button_wrapper column2\"><a href=\"https:\/\/dominguezventura.es\/equipo\/\" class=\"qbutton large\" target=\"_self\" style=\"color:#ffffff;border-color:#ffffff;background-color: #999933;\" data-hover-background-color=#c5c67f  data-hover-border-color=#ffffff  data-hover-color=#ffffff>EL NOSTRE EQUIP<\/a><\/div><\/div><\/div><\/div>[\/vc_column][\/vc_row][vc_row row_type=&#8221;row&#8221; use_row_as_full_screen_section=&#8221;no&#8221; type=&#8221;full_width&#8221; text_align=&#8221;left&#8221; background_animation=&#8221;none&#8221; css_animation=&#8221;&#8221; background_color=&#8221;rgba(153,153,51,0.08)&#8221;][\/vc_row][vc_row row_type=&#8221;row&#8221; use_row_as_full_screen_section=&#8221;no&#8221; type=&#8221;grid&#8221; text_align=&#8221;left&#8221; background_animation=&#8221;none&#8221; css_animation=&#8221;&#8221; background_color=&#8221;rgba(153,153,51,0.09)&#8221; css=&#8221;.vc_custom_1669037755798{padding-top: 20px !important;padding-bottom: 20px !important;}&#8221;][vc_column width=&#8221;1\/3&#8243;][vc_single_image image=&#8221;22087&#8243; img_size=&#8221;full&#8221; qode_css_animation=&#8221;&#8221;][\/vc_column][vc_column width=&#8221;2\/3&#8243; css=&#8221;.vc_custom_1669037722180{padding-top: 20px !important;padding-bottom: 20px !important;}&#8221;][vc_column_text]<\/p>\n<h3>T&#8217;ESCOLTEM<\/h3>\n<p>[\/vc_column_text][vc_separator type=&#8221;transparent&#8221; border_style=&#8221;&#8221; up=&#8221;60&#8243; down=&#8221;0&#8243;]<a href=\"https:\/\/dominguezventura.es\/contactar\/\" target=\"_self\"  class=\"qbutton \" style=\"\">CONTACTAR<\/a>[\/vc_column][\/vc_row][vc_column][\/vc_column]<\/p>\n<\/div>","protected":false},"excerpt":{"rendered":"<p>[vc_row row_type=&#8221;row&#8221; use_row_as_full_screen_section=&#8221;no&#8221; type=&#8221;full_width&#8221; text_align=&#8221;left&#8221; background_animation=&#8221;none&#8221; css_animation=&#8221;&#8221; background_color=&#8221;#ffffff&#8221; css=&#8221;.vc_custom_1671612865694{margin-top: 0px !important;}&#8221;][vc_column][vc_row_inner row_type=&#8221;row&#8221; type=&#8221;grid&#8221; use_row_as_full_screen_section_slide=&#8221;no&#8221; text_align=&#8221;left&#8221; padding_top=&#8221;70&#8243; padding_bottom=&#8221;65&#8243; css_animation=&#8221;&#8221; background_color=&#8221;#ffffff&#8221;][vc_column_inner][vc_column_text css=&#8221;&#8221;] DVAA | Dom\u00ednguez Ventura Advocades [\/vc_column_text][vc_separator type=&#8221;transparent&#8221; border_style=&#8221;&#8221; up=&#8221;35&#8243; down=&#8221;0&#8243;][vc_column_text] Som especialistes en Dret Sanitari. Assessorem i defensem professionals sanitaris, centres p\u00fablics i privats, corporacions,&#8230;<\/p>\n","protected":false},"author":1,"featured_media":0,"parent":0,"menu_order":0,"comment_status":"open","ping_status":"open","template":"full_width.php","meta":{"footnotes":""},"class_list":["post-22770","page","type-page","status-publish","hentry"],"_links":{"self":[{"href":"https:\/\/dominguezventura.es\/ca\/wp-json\/wp\/v2\/pages\/22770","targetHints":{"allow":["GET"]}}],"collection":[{"href":"https:\/\/dominguezventura.es\/ca\/wp-json\/wp\/v2\/pages"}],"about":[{"href":"https:\/\/dominguezventura.es\/ca\/wp-json\/wp\/v2\/types\/page"}],"author":[{"embeddable":true,"href":"https:\/\/dominguezventura.es\/ca\/wp-json\/wp\/v2\/users\/1"}],"replies":[{"embeddable":true,"href":"https:\/\/dominguezventura.es\/ca\/wp-json\/wp\/v2\/comments?post=22770"}],"version-history":[{"count":5,"href":"https:\/\/dominguezventura.es\/ca\/wp-json\/wp\/v2\/pages\/22770\/revisions"}],"predecessor-version":[{"id":23227,"href":"https:\/\/dominguezventura.es\/ca\/wp-json\/wp\/v2\/pages\/22770\/revisions\/23227"}],"wp:attachment":[{"href":"https:\/\/dominguezventura.es\/ca\/wp-json\/wp\/v2\/media?parent=22770"}],"curies":[{"name":"wp","href":"https:\/\/api.w.org\/{rel}","templated":true}]}}