{"id":22780,"date":"2021-12-15T18:04:31","date_gmt":"2021-12-15T18:04:31","guid":{"rendered":"https:\/\/dominguezventura.es\/contactar\/"},"modified":"2026-01-07T15:25:24","modified_gmt":"2026-01-07T15:25:24","slug":"contactar","status":"publish","type":"page","link":"https:\/\/dominguezventura.es\/ca\/contactar\/","title":{"rendered":"Contactar"},"content":{"rendered":"<div class=\"wpb-content-wrapper\"><p>[vc_row row_type=&#8221;row&#8221; use_row_as_full_screen_section=&#8221;no&#8221; type=&#8221;grid&#8221; text_align=&#8221;left&#8221; background_animation=&#8221;none&#8221; css_animation=&#8221;&#8221; css=&#8221;.vc_custom_1665650169636{padding-top: 10px !important;padding-bottom: 20px !important;}&#8221;][vc_column width=&#8221;1\/4&#8243; css=&#8221;.vc_custom_1665650148471{padding-top: 10px !important;}&#8221;][vc_column_text css=&#8221;&#8221;]<\/p>\n<h5 style=\"text-align: center;\">M\u00d3NICA RIERA ROSELL\u00d3<\/h5>\n<p style=\"text-align: center;\"><strong><a href=\"mailto:m.riera@dvaa.es\">m.riera@dvaa.es<\/a><\/strong><\/p>\n<p>[\/vc_column_text][\/vc_column][vc_column width=&#8221;1\/4&#8243; css=&#8221;.vc_custom_1665650122883{padding-top: 10px !important;}&#8221;][vc_column_text css=&#8221;&#8221;]<\/p>\n<h5 style=\"text-align: center;\">MIREIA AZNAR MART\u00cdN<\/h5>\n<p style=\"text-align: center;\"><strong><a href=\"mailto:m.aznar@dvaa.es\">m.aznar@dvaa.es<\/a><\/strong><\/p>\n<p>[\/vc_column_text][\/vc_column][vc_column width=&#8221;1\/4&#8243; css=&#8221;.vc_custom_1665650154196{padding-top: 10px !important;}&#8221;][vc_column_text css=&#8221;&#8221;]<\/p>\n<h5 style=\"text-align: center;\">TANIT ARROYO PASCUAL<\/h5>\n<p style=\"text-align: center;\"><strong><a href=\"mailto:t.arroyo@dvaa.es\">t.arroyo@dvaa.es<\/a><\/strong><\/p>\n<p>[\/vc_column_text][\/vc_column][vc_column width=&#8221;1\/4&#8243; css=&#8221;.vc_custom_1665650161242{padding-top: 10px !important;}&#8221;][vc_column_text css=&#8221;&#8221;]<\/p>\n<h5 style=\"text-align: center;\">FL\u00c0VIA CABR\u00c9 ROM\u00c1N<\/h5>\n<p style=\"text-align: center;\"><a href=\"mailto:f.cabre@dvaa.es\"><strong>f.cabre@dvaa.es<\/strong><\/a><\/p>\n<p>[\/vc_column_text][\/vc_column][\/vc_row][vc_row row_type=&#8221;row&#8221; use_row_as_full_screen_section=&#8221;no&#8221; type=&#8221;grid&#8221; text_align=&#8221;left&#8221; background_animation=&#8221;none&#8221; css_animation=&#8221;&#8221;][vc_column][vc_separator type=&#8221;normal&#8221; border_style=&#8221;&#8221;][vc_column_text css=&#8221;&#8221;]<\/p>\n<p style=\"text-align: center;\"><strong>ADMINISTRACI\u00d3: administracion@dvaa.es<\/strong><\/p>\n<p>[\/vc_column_text][vc_separator type=&#8221;normal&#8221; border_style=&#8221;&#8221;][\/vc_column][\/vc_row][vc_row row_type=&#8221;row&#8221; use_row_as_full_screen_section=&#8221;no&#8221; type=&#8221;grid&#8221; text_align=&#8221;left&#8221; background_animation=&#8221;none&#8221; padding_top=&#8221;40&#8243; css_animation=&#8221;&#8221;][vc_column width=&#8221;1\/2&#8243; css=&#8221;.vc_custom_1630568796009{padding-bottom: 30px !important;padding-left: 0px !important;}&#8221;][vc_column_text]<\/p>\n<h3 style=\"text-align: center;\">Barcelona<\/h3>\n<p>[\/vc_column_text][vc_separator type=&#8221;normal&#8221; border_style=&#8221;&#8221; color=&#8221;#999933&#8243;][vc_column_text css=&#8221;.vc_custom_1665403877641{padding-bottom: 10px !important;}&#8221;]<\/p>\n<p style=\"text-align: center;\">c\/ Mallorca 299, 1\u00ba1\u00aa. 08037 Barcelona.<\/p>\n<p style=\"text-align: center;\"><strong>Tel. 934.581.333<\/strong> &#8211; Fax: 934.761.024<\/p>\n<p>[\/vc_column_text][vc_column_text]<iframe loading=\"lazy\" src=\"https:\/\/www.google.com\/maps\/d\/embed?mid=1ZwXVnqsdpAzC_jx47mhw-D1CPvB81TM&amp;ehbc=2E312F\" width=\"100%\" height=\"400\"><\/iframe>[\/vc_column_text][vc_separator type=&#8221;normal&#8221; border_style=&#8221;&#8221; color=&#8221;#999933&#8243;][\/vc_column][vc_column width=&#8221;1\/2&#8243;][vc_column_text]<\/p>\n<h3 style=\"text-align: center;\">MADRID<\/h3>\n<p>[\/vc_column_text][vc_separator type=&#8221;normal&#8221; border_style=&#8221;&#8221; color=&#8221;#999933&#8243;][vc_column_text css=&#8221;.vc_custom_1665403884155{padding-bottom: 10px !important;}&#8221;]<\/p>\n<p style=\"text-align: center;\">Paseo de la Castellana, 18, 7\u00ba \u2013 28046 Madrid.<\/p>\n<p style=\"text-align: center;\"><strong>Tel. 917.942.840<\/strong> \u2013 Fax: 917 942 601<\/p>\n<p>[\/vc_column_text][vc_column_text]<iframe loading=\"lazy\" src=\"https:\/\/www.google.com\/maps\/d\/embed?mid=1fLYAxueskX1ZVfsUF3uA4c-ACeCHvfw&amp;ehbc=2E312F\" width=\"100%\" height=\"400\"><\/iframe>[\/vc_column_text][vc_separator type=&#8221;normal&#8221; border_style=&#8221;&#8221; color=&#8221;#999933&#8243;][\/vc_column][\/vc_row]<\/p>\n<\/div>","protected":false},"excerpt":{"rendered":"<p>[vc_row row_type=&#8221;row&#8221; use_row_as_full_screen_section=&#8221;no&#8221; type=&#8221;grid&#8221; text_align=&#8221;left&#8221; background_animation=&#8221;none&#8221; css_animation=&#8221;&#8221; css=&#8221;.vc_custom_1665650169636{padding-top: 10px !important;padding-bottom: 20px !important;}&#8221;][vc_column width=&#8221;1\/4&#8243; css=&#8221;.vc_custom_1665650148471{padding-top: 10px !important;}&#8221;][vc_column_text css=&#8221;&#8221;] M\u00d3NICA RIERA ROSELL\u00d3 m.riera@dvaa.es [\/vc_column_text][\/vc_column][vc_column width=&#8221;1\/4&#8243; css=&#8221;.vc_custom_1665650122883{padding-top: 10px !important;}&#8221;][vc_column_text css=&#8221;&#8221;] MIREIA AZNAR MART\u00cdN m.aznar@dvaa.es [\/vc_column_text][\/vc_column][vc_column width=&#8221;1\/4&#8243; css=&#8221;.vc_custom_1665650154196{padding-top: 10px !important;}&#8221;][vc_column_text css=&#8221;&#8221;] TANIT ARROYO PASCUAL t.arroyo@dvaa.es [\/vc_column_text][\/vc_column][vc_column width=&#8221;1\/4&#8243; css=&#8221;.vc_custom_1665650161242{padding-top: 10px&#8230;<\/p>\n","protected":false},"author":1,"featured_media":0,"parent":0,"menu_order":0,"comment_status":"closed","ping_status":"closed","template":"contact-page.php","meta":{"footnotes":""},"class_list":["post-22780","page","type-page","status-publish","hentry"],"_links":{"self":[{"href":"https:\/\/dominguezventura.es\/ca\/wp-json\/wp\/v2\/pages\/22780","targetHints":{"allow":["GET"]}}],"collection":[{"href":"https:\/\/dominguezventura.es\/ca\/wp-json\/wp\/v2\/pages"}],"about":[{"href":"https:\/\/dominguezventura.es\/ca\/wp-json\/wp\/v2\/types\/page"}],"author":[{"embeddable":true,"href":"https:\/\/dominguezventura.es\/ca\/wp-json\/wp\/v2\/users\/1"}],"replies":[{"embeddable":true,"href":"https:\/\/dominguezventura.es\/ca\/wp-json\/wp\/v2\/comments?post=22780"}],"version-history":[{"count":4,"href":"https:\/\/dominguezventura.es\/ca\/wp-json\/wp\/v2\/pages\/22780\/revisions"}],"predecessor-version":[{"id":23321,"href":"https:\/\/dominguezventura.es\/ca\/wp-json\/wp\/v2\/pages\/22780\/revisions\/23321"}],"wp:attachment":[{"href":"https:\/\/dominguezventura.es\/ca\/wp-json\/wp\/v2\/media?parent=22780"}],"curies":[{"name":"wp","href":"https:\/\/api.w.org\/{rel}","templated":true}]}}