{"id":22783,"date":"2022-01-14T11:47:54","date_gmt":"2022-01-14T11:47:54","guid":{"rendered":"https:\/\/dominguezventura.es\/derecho-administrativo\/"},"modified":"2023-03-30T11:29:55","modified_gmt":"2023-03-30T11:29:55","slug":"derecho-administrativo","status":"publish","type":"page","link":"https:\/\/dominguezventura.es\/ca\/derecho-administrativo\/","title":{"rendered":"Dret administratiu"},"content":{"rendered":"<div class=\"wpb-content-wrapper\"><p>[vc_row row_type=&#8221;row&#8221; use_row_as_full_screen_section=&#8221;no&#8221; type=&#8221;grid&#8221; text_align=&#8221;left&#8221; background_animation=&#8221;none&#8221; padding_top=&#8221;85&#8243; css_animation=&#8221;&#8221; background_color=&#8221;#ffffff&#8221; css=&#8221;.vc_custom_1642159775995{padding-top: 10px !important;padding-bottom: 40px !important;}&#8221;][vc_column css=&#8221;.vc_custom_1642159787489{padding-top: 0px !important;}&#8221;][vc_row_inner row_type=&#8221;row&#8221; type=&#8221;grid&#8221; use_row_as_full_screen_section_slide=&#8221;no&#8221; text_align=&#8221;left&#8221; padding_top=&#8221;65&#8243; css_animation=&#8221;&#8221; css=&#8221;.vc_custom_1642159855641{padding-top: 0px !important;}&#8221;][vc_column_inner width=&#8221;2\/3&#8243;][vc_column_text]<\/p>\n<h5>DRET ADMINISTRATIU<\/h5>\n<p>[\/vc_column_text][vc_separator type=&#8221;transparent&#8221; border_style=&#8221;&#8221; up=&#8221;40&#8243; down=&#8221;0&#8243;][vc_column_text]Assessorem als nostres clients en el compliment i observan\u00e7a de la normativa administrativa, aix\u00ed com durant la tramitaci\u00f3 dels processos administratius, especialment expedients sancionadors i de responsabilitat patrimonial, ostentant si s\u2019escau la defensa de l\u2019Administraci\u00f3, Corporacions de Dret P\u00fablic o particulars davant la jurisdicci\u00f3 contenciosa-administrativa.[\/vc_column_text][vc_separator type=&#8221;transparent&#8221; border_style=&#8221;&#8221; up=&#8221;60&#8243; down=&#8221;0&#8243;][\/vc_column_inner][vc_column_inner width=&#8221;1\/3&#8243;][vc_single_image image=&#8221;22175&#8243; img_size=&#8221;full&#8221; qode_css_animation=&#8221;&#8221;][vc_separator type=&#8221;normal&#8221; border_style=&#8221;&#8221; color=&#8221;#ffffff&#8221;][\/vc_column_inner][\/vc_row_inner][\/vc_column][\/vc_row][vc_row row_type=&#8221;row&#8221; use_row_as_full_screen_section=&#8221;no&#8221; type=&#8221;grid&#8221; text_align=&#8221;left&#8221; background_animation=&#8221;none&#8221; css_animation=&#8221;&#8221; background_color=&#8221;rgba(153,153,51,0.08)&#8221; css=&#8221;.vc_custom_1642158116524{padding-top: 20px !important;}&#8221;][vc_column][vc_separator type=&#8221;normal&#8221; border_style=&#8221;&#8221; color=&#8221;#f5f5f5&#8243;][vc_column_text]<\/p>\n<h3>\u00c0REES D&#8217;ESPECIALITAT<\/h3>\n<p>[\/vc_column_text][vc_separator type=&#8221;normal&#8221; border_style=&#8221;&#8221; color=&#8221;#f5f5f5&#8243;][\/vc_column][\/vc_row][vc_row row_type=&#8221;row&#8221; use_row_as_full_screen_section=&#8221;no&#8221; type=&#8221;grid&#8221; text_align=&#8221;left&#8221; background_animation=&#8221;none&#8221; css_animation=&#8221;&#8221; background_color=&#8221;rgba(153,153,51,0.08)&#8221; css=&#8221;.vc_custom_1642158174167{padding-bottom: 30px !important;}&#8221;][vc_column width=&#8221;1\/5&#8243; css=&#8221;.vc_custom_1642160025392{padding-bottom: 10px !important;}&#8221;][vc_single_image image=&#8221;21915&#8243; alignment=&#8221;center&#8221; qode_css_animation=&#8221;&#8221;][vc_separator type=&#8221;transparent&#8221; border_style=&#8221;&#8221;][vc_column_text]<\/p>\n<h6 style=\"text-align: center;\"><a href=\"https:\/\/dominguezventura.es\/ca\/derecho-sanitario\/\">DRET SANITARI<\/a><\/h6>\n<p>[\/vc_column_text][\/vc_column][vc_column width=&#8221;1\/5&#8243; css=&#8221;.vc_custom_1642160018392{padding-bottom: 10px !important;}&#8221;][vc_single_image image=&#8221;21917&#8243; alignment=&#8221;center&#8221; qode_css_animation=&#8221;&#8221;][vc_separator type=&#8221;transparent&#8221; border_style=&#8221;&#8221;][vc_column_text]<\/p>\n<h6 style=\"text-align: center;\"><a href=\"https:\/\/dominguezventura.es\/derecho-civil\/\">DRET CIVIL<\/a><\/h6>\n<p>[\/vc_column_text][\/vc_column][vc_column width=&#8221;1\/5&#8243; css=&#8221;.vc_custom_1642160012697{padding-bottom: 10px !important;}&#8221;][vc_single_image image=&#8221;21918&#8243; alignment=&#8221;center&#8221; qode_css_animation=&#8221;&#8221;][vc_separator type=&#8221;transparent&#8221; border_style=&#8221;&#8221;][vc_column_text]<\/p>\n<h6 style=\"text-align: center;\"><a href=\"https:\/\/dominguezventura.es\/ca\/derecho-penal\/\">DRET PENAL<\/a><\/h6>\n<p>[\/vc_column_text][\/vc_column][vc_column width=&#8221;1\/5&#8243; css=&#8221;.vc_custom_1642160004736{padding-bottom: 10px !important;}&#8221;][vc_single_image image=&#8221;21916&#8243; alignment=&#8221;center&#8221; qode_css_animation=&#8221;&#8221;][vc_separator type=&#8221;transparent&#8221; border_style=&#8221;&#8221;][vc_column_text]<\/p>\n<h6 style=\"text-align: center;\"><span style=\"color: #999933;\">DRET ADMINISTRATIU<\/span><\/h6>\n<p>[\/vc_column_text][\/vc_column][vc_column width=&#8221;1\/5&#8243; css=&#8221;.vc_custom_1642159996146{padding-bottom: 10px !important;}&#8221;][vc_single_image image=&#8221;21913&#8243; alignment=&#8221;center&#8221; qode_css_animation=&#8221;&#8221;][vc_separator type=&#8221;transparent&#8221; border_style=&#8221;&#8221;][vc_column_text]<\/p>\n<h6 style=\"text-align: center;\"><a href=\"https:\/\/dominguezventura.es\/ca\/servicios-externos\/\">SERVEIS EXTERNS<\/a><\/h6>\n<p>[\/vc_column_text][\/vc_column][\/vc_row]<\/p>\n<\/div>","protected":false},"excerpt":{"rendered":"<p>[vc_row row_type=&#8221;row&#8221; use_row_as_full_screen_section=&#8221;no&#8221; type=&#8221;grid&#8221; text_align=&#8221;left&#8221; background_animation=&#8221;none&#8221; padding_top=&#8221;85&#8243; css_animation=&#8221;&#8221; background_color=&#8221;#ffffff&#8221; css=&#8221;.vc_custom_1642159775995{padding-top: 10px !important;padding-bottom: 40px !important;}&#8221;][vc_column css=&#8221;.vc_custom_1642159787489{padding-top: 0px !important;}&#8221;][vc_row_inner row_type=&#8221;row&#8221; type=&#8221;grid&#8221; use_row_as_full_screen_section_slide=&#8221;no&#8221; text_align=&#8221;left&#8221; padding_top=&#8221;65&#8243; css_animation=&#8221;&#8221; css=&#8221;.vc_custom_1642159855641{padding-top: 0px !important;}&#8221;][vc_column_inner width=&#8221;2\/3&#8243;][vc_column_text] DRET ADMINISTRATIU [\/vc_column_text][vc_separator type=&#8221;transparent&#8221; border_style=&#8221;&#8221; up=&#8221;40&#8243; down=&#8221;0&#8243;][vc_column_text]Assessorem als nostres clients en el compliment i observan\u00e7a de la normativa&#8230;<\/p>\n","protected":false},"author":1,"featured_media":0,"parent":0,"menu_order":0,"comment_status":"closed","ping_status":"closed","template":"full_width.php","meta":{"footnotes":""},"class_list":["post-22783","page","type-page","status-publish","hentry"],"_links":{"self":[{"href":"https:\/\/dominguezventura.es\/ca\/wp-json\/wp\/v2\/pages\/22783","targetHints":{"allow":["GET"]}}],"collection":[{"href":"https:\/\/dominguezventura.es\/ca\/wp-json\/wp\/v2\/pages"}],"about":[{"href":"https:\/\/dominguezventura.es\/ca\/wp-json\/wp\/v2\/types\/page"}],"author":[{"embeddable":true,"href":"https:\/\/dominguezventura.es\/ca\/wp-json\/wp\/v2\/users\/1"}],"replies":[{"embeddable":true,"href":"https:\/\/dominguezventura.es\/ca\/wp-json\/wp\/v2\/comments?post=22783"}],"version-history":[{"count":5,"href":"https:\/\/dominguezventura.es\/ca\/wp-json\/wp\/v2\/pages\/22783\/revisions"}],"predecessor-version":[{"id":22799,"href":"https:\/\/dominguezventura.es\/ca\/wp-json\/wp\/v2\/pages\/22783\/revisions\/22799"}],"wp:attachment":[{"href":"https:\/\/dominguezventura.es\/ca\/wp-json\/wp\/v2\/media?parent=22783"}],"curies":[{"name":"wp","href":"https:\/\/api.w.org\/{rel}","templated":true}]}}