{"id":22808,"date":"2014-06-03T11:35:29","date_gmt":"2014-06-03T11:35:29","guid":{"rendered":"https:\/\/dominguezventura.es\/derecho-sanitario\/"},"modified":"2023-03-30T12:59:44","modified_gmt":"2023-03-30T12:59:44","slug":"derecho-sanitario","status":"publish","type":"page","link":"https:\/\/dominguezventura.es\/ca\/derecho-sanitario\/","title":{"rendered":"Dret Sanitari"},"content":{"rendered":"<div class=\"wpb-content-wrapper\"><p>[vc_row row_type=&#8221;row&#8221; use_row_as_full_screen_section=&#8221;no&#8221; type=&#8221;grid&#8221; text_align=&#8221;left&#8221; background_animation=&#8221;none&#8221; padding_top=&#8221;85&#8243; css_animation=&#8221;&#8221; background_color=&#8221;#ffffff&#8221; css=&#8221;.vc_custom_1642166076296{padding-top: 10px !important;padding-bottom: 40px !important;}&#8221;][vc_column css=&#8221;.vc_custom_1642166031198{padding-top: 0px !important;}&#8221;][vc_row_inner row_type=&#8221;row&#8221; type=&#8221;grid&#8221; use_row_as_full_screen_section_slide=&#8221;no&#8221; text_align=&#8221;left&#8221; padding_top=&#8221;65&#8243; css_animation=&#8221;&#8221; css=&#8221;.vc_custom_1642166037637{padding-top: 0px !important;}&#8221;][vc_column_inner width=&#8221;2\/3&#8243;][vc_column_text]<\/p>\n<h5>DRET SANITARI<\/h5>\n<p>[\/vc_column_text][vc_separator type=&#8221;transparent&#8221; border_style=&#8221;&#8221; up=&#8221;40&#8243; down=&#8221;0&#8243;][vc_column_text]Estem altament especialitzades en legislaci\u00f3 sanit\u00e0ria i bio\u00e8tica.<\/p>\n<p>&nbsp;<\/p>\n<p>Assessorem de forma continua als nostres clients,\u00a0 institucions, corporacions, centres hospitalaris (p\u00fablics i privats), societats i professionals de la salut, en el funcionament de la seva organitzaci\u00f3 i en l\u2019exercici diari de la seva professi\u00f3. Treballem per millorar la qualitat assistencial dels centres sanitaris i organitzacions que aix\u00ed ens ho confien Invertir en prevenci\u00f3 \u00e9s augmentar la confian\u00e7a en l\u2019organitzaci\u00f3 sanit\u00e0ria.<\/p>\n<p>&nbsp;<\/p>\n<p>Tamb\u00e9 col\u00b7laborem amb els nostres clients per buscar sistemes alternatius de resoluci\u00f3 dels conflictes i reclamacions que es plantegen en l\u2019activitat assistencial di\u00e0ria.<\/p>\n<p>&nbsp;<\/p>\n<p>Per altra banda, la notable \u00a0experi\u00e8ncia adquirida en els tribunals ens permet defensar als nostres clients en qualsevol reclamaci\u00f3 civil, penal o administrativa que pugui sorgir com a conseq\u00fc\u00e8ncia de l&#8217;actuaci\u00f3 professional en l&#8217;\u00e0mbit sanitari.[\/vc_column_text][vc_separator type=&#8221;transparent&#8221; border_style=&#8221;&#8221; up=&#8221;60&#8243; down=&#8221;0&#8243;][\/vc_column_inner][vc_column_inner width=&#8221;1\/3&#8243;][vc_single_image image=&#8221;22296&#8243; img_size=&#8221;full&#8221; qode_css_animation=&#8221;&#8221;][vc_separator type=&#8221;normal&#8221; border_style=&#8221;&#8221; color=&#8221;#ffffff&#8221;][vc_single_image image=&#8221;22196&#8243; img_size=&#8221;full&#8221; qode_css_animation=&#8221;&#8221;][\/vc_column_inner][\/vc_row_inner][\/vc_column][\/vc_row][vc_row row_type=&#8221;row&#8221; use_row_as_full_screen_section=&#8221;no&#8221; type=&#8221;grid&#8221; text_align=&#8221;left&#8221; background_animation=&#8221;none&#8221; css_animation=&#8221;&#8221; background_color=&#8221;rgba(153,153,51,0.08)&#8221; css=&#8221;.vc_custom_1642158116524{padding-top: 20px !important;}&#8221;][vc_column][vc_separator type=&#8221;normal&#8221; border_style=&#8221;&#8221; color=&#8221;#f5f5f5&#8243;][vc_column_text]<\/p>\n<h3>\u00c0REES D&#8217;ESPECIALITAT<\/h3>\n<p>[\/vc_column_text][vc_separator type=&#8221;normal&#8221; border_style=&#8221;&#8221; color=&#8221;#f5f5f5&#8243;][\/vc_column][\/vc_row][vc_row row_type=&#8221;row&#8221; use_row_as_full_screen_section=&#8221;no&#8221; type=&#8221;grid&#8221; text_align=&#8221;left&#8221; background_animation=&#8221;none&#8221; css_animation=&#8221;&#8221; background_color=&#8221;rgba(153,153,51,0.08)&#8221; css=&#8221;.vc_custom_1642158174167{padding-bottom: 30px !important;}&#8221;][vc_column width=&#8221;1\/5&#8243;][vc_single_image image=&#8221;21915&#8243; alignment=&#8221;center&#8221; qode_css_animation=&#8221;&#8221;][vc_separator type=&#8221;transparent&#8221; border_style=&#8221;&#8221;][vc_column_text]<\/p>\n<h6 style=\"text-align: center;\"><span style=\"color: #999933;\">DRET SANITARI<\/span><\/h6>\n<p>[\/vc_column_text][\/vc_column][vc_column width=&#8221;1\/5&#8243;][vc_single_image image=&#8221;21917&#8243; alignment=&#8221;center&#8221; qode_css_animation=&#8221;&#8221;][vc_separator type=&#8221;transparent&#8221; border_style=&#8221;&#8221;][vc_column_text]<\/p>\n<h6 style=\"text-align: center;\"><a href=\"https:\/\/dominguezventura.es\/ca\/derecho-civil\/\">DRET CIVIL<\/a><\/h6>\n<p>[\/vc_column_text][\/vc_column][vc_column width=&#8221;1\/5&#8243;][vc_single_image image=&#8221;21918&#8243; alignment=&#8221;center&#8221; qode_css_animation=&#8221;&#8221;][vc_separator type=&#8221;transparent&#8221; border_style=&#8221;&#8221;][vc_column_text]<\/p>\n<h6 style=\"text-align: center;\"><a href=\"https:\/\/dominguezventura.es\/ca\/derecho-penal\/\">DRET PENAL<\/a><\/h6>\n<p>[\/vc_column_text][\/vc_column][vc_column width=&#8221;1\/5&#8243;][vc_single_image image=&#8221;21916&#8243; alignment=&#8221;center&#8221; qode_css_animation=&#8221;&#8221;][vc_separator type=&#8221;transparent&#8221; border_style=&#8221;&#8221;][vc_column_text]<\/p>\n<h6 style=\"text-align: center;\"><a href=\"https:\/\/dominguezventura.es\/ca\/derecho-administrativo\/\">DRET ADMINISTRATIU<\/a><\/h6>\n<p>[\/vc_column_text][\/vc_column][vc_column width=&#8221;1\/5&#8243;][vc_single_image image=&#8221;21913&#8243; alignment=&#8221;center&#8221; qode_css_animation=&#8221;&#8221;][vc_separator type=&#8221;transparent&#8221; border_style=&#8221;&#8221;][vc_column_text]<\/p>\n<h6 style=\"text-align: center;\"><a href=\"https:\/\/dominguezventura.es\/ca\/servicios-externos\/\">SERVEIS EXTERNS<\/a><\/h6>\n<p>[\/vc_column_text][\/vc_column][\/vc_row]<\/p>\n<\/div>","protected":false},"excerpt":{"rendered":"<p>[vc_row row_type=&#8221;row&#8221; use_row_as_full_screen_section=&#8221;no&#8221; type=&#8221;grid&#8221; text_align=&#8221;left&#8221; background_animation=&#8221;none&#8221; padding_top=&#8221;85&#8243; css_animation=&#8221;&#8221; background_color=&#8221;#ffffff&#8221; css=&#8221;.vc_custom_1642166076296{padding-top: 10px !important;padding-bottom: 40px !important;}&#8221;][vc_column css=&#8221;.vc_custom_1642166031198{padding-top: 0px !important;}&#8221;][vc_row_inner row_type=&#8221;row&#8221; type=&#8221;grid&#8221; use_row_as_full_screen_section_slide=&#8221;no&#8221; text_align=&#8221;left&#8221; padding_top=&#8221;65&#8243; css_animation=&#8221;&#8221; css=&#8221;.vc_custom_1642166037637{padding-top: 0px !important;}&#8221;][vc_column_inner width=&#8221;2\/3&#8243;][vc_column_text] DRET SANITARI [\/vc_column_text][vc_separator type=&#8221;transparent&#8221; border_style=&#8221;&#8221; up=&#8221;40&#8243; down=&#8221;0&#8243;][vc_column_text]Estem altament especialitzades en legislaci\u00f3 sanit\u00e0ria i bio\u00e8tica. &nbsp; Assessorem de forma&#8230;<\/p>\n","protected":false},"author":1,"featured_media":0,"parent":0,"menu_order":0,"comment_status":"open","ping_status":"open","template":"full_width.php","meta":{"footnotes":""},"class_list":["post-22808","page","type-page","status-publish","hentry"],"_links":{"self":[{"href":"https:\/\/dominguezventura.es\/ca\/wp-json\/wp\/v2\/pages\/22808","targetHints":{"allow":["GET"]}}],"collection":[{"href":"https:\/\/dominguezventura.es\/ca\/wp-json\/wp\/v2\/pages"}],"about":[{"href":"https:\/\/dominguezventura.es\/ca\/wp-json\/wp\/v2\/types\/page"}],"author":[{"embeddable":true,"href":"https:\/\/dominguezventura.es\/ca\/wp-json\/wp\/v2\/users\/1"}],"replies":[{"embeddable":true,"href":"https:\/\/dominguezventura.es\/ca\/wp-json\/wp\/v2\/comments?post=22808"}],"version-history":[{"count":2,"href":"https:\/\/dominguezventura.es\/ca\/wp-json\/wp\/v2\/pages\/22808\/revisions"}],"predecessor-version":[{"id":22809,"href":"https:\/\/dominguezventura.es\/ca\/wp-json\/wp\/v2\/pages\/22808\/revisions\/22809"}],"wp:attachment":[{"href":"https:\/\/dominguezventura.es\/ca\/wp-json\/wp\/v2\/media?parent=22808"}],"curies":[{"name":"wp","href":"https:\/\/api.w.org\/{rel}","templated":true}]}}