{"id":22824,"date":"2014-06-02T09:22:38","date_gmt":"2014-06-02T09:22:38","guid":{"rendered":"https:\/\/dominguezventura.es\/la-firma\/"},"modified":"2024-02-21T11:43:24","modified_gmt":"2024-02-21T11:43:24","slug":"la-firma","status":"publish","type":"page","link":"https:\/\/dominguezventura.es\/ca\/la-firma\/","title":{"rendered":"La Firma"},"content":{"rendered":"<div class=\"wpb-content-wrapper\"><p>[vc_row row_type=&#8221;row&#8221; use_row_as_full_screen_section=&#8221;no&#8221; type=&#8221;grid&#8221; text_align=&#8221;left&#8221; background_animation=&#8221;none&#8221; padding_top=&#8221;85&#8243; padding_bottom=&#8221;50&#8243; css_animation=&#8221;&#8221; background_color=&#8221;#ffffff&#8221; css=&#8221;.vc_custom_1665404182586{padding-top: 20px !important;padding-bottom: 20px !important;}&#8221;][vc_column width=&#8221;1\/2&#8243;][vc_column_text]<strong>DVAA ABOGADAS<\/strong> \u00e9s l\u2019evoluci\u00f3 de Dom\u00ednguez Ventura Abogados Asociados que es va fundar l&#8217;any 2008 despr\u00e9s d&#8217;una llarga traject\u00f2ria dels seus socis en l&#8217;\u00e0mbit del Dret Sanitari, Responsabilitat Civil i Dret d&#8217;Assegurances.<\/p>\n<p>&nbsp;<\/p>\n<p>Actualment som \u00e0mpliament reconegudes per la nostra dedicaci\u00f3 especialitzada en \u00a0Dret Sanitari i assessorem i defensem professionals sanitaris, centres p\u00fablics i privats, serveis p\u00fablics de salut, corporacions i societats professionals, \u00a0i companyies d&#8217;assegurances.<\/p>\n<p>&nbsp;<\/p>\n<p>Aquesta alta especialitzaci\u00f3 ens permet enfrontar els reptes jur\u00eddics que es plantegen en el dia a dia de les professions sanit\u00e0ries i de l\u2019\u00e0mbit social.<\/p>\n<p>&nbsp;<\/p>\n<p>Tamb\u00e9 comptem amb una \u00e0mplia experi\u00e8ncia en l\u2019\u00e0mbit de la responsabilitat civil i \u00a0dret de l\u2019asseguran\u00e7a.<\/p>\n<p>&nbsp;<\/p>\n<p>El nostre perfil com a processalistes i la nostra experi\u00e8ncia davant de jutjats i tribunals de totes les jurisdiccions fa que la defensa judicial dels interessos dels nostres clients sigui un altre dels pilars de la nostra activitat professional.[\/vc_column_text][\/vc_column][vc_column width=&#8221;1\/2&#8243; css=&#8221;.vc_custom_1665404190272{padding-top: 10px !important;}&#8221;][vc_single_image image=&#8221;22961&#8243; img_size=&#8221;full&#8221; qode_css_animation=&#8221;&#8221;][\/vc_column][\/vc_row][vc_row row_type=&#8221;row&#8221; use_row_as_full_screen_section=&#8221;no&#8221; type=&#8221;grid&#8221; text_align=&#8221;left&#8221; background_animation=&#8221;none&#8221; padding_top=&#8221;85&#8243; padding_bottom=&#8221;50&#8243; css_animation=&#8221;&#8221; background_color=&#8221;#ffffff&#8221; css=&#8221;.vc_custom_1639557345230{padding-top: 5px !important;}&#8221;][vc_column][vc_column_text]El nostre principal objectiu \u00e9s prestar un tracte personalitzat, proper i continuat als nostres clients. Considerem la formaci\u00f3 una activitat essencial i per aix\u00f2 tamb\u00e9 dediquem part del nostre temps\u00a0 a oferir aquests serveis.<\/p>\n<p>&nbsp;<\/p>\n<p>Sabem i valorem la import\u00e0ncia que t\u00e9 per als nostres clients comptar amb un assessorament que doni confian\u00e7a, i per aix\u00f2 treballem amb rigor els assumptes encomanats i tractem sempre de mantenir una comunicaci\u00f3 fluida i honesta.[\/vc_column_text][vc_separator type=&#8221;transparent&#8221; border_style=&#8221;&#8221; up=&#8221;30&#8243; down=&#8221;0&#8243;][\/vc_column][\/vc_row][vc_row row_type=&#8221;row&#8221; use_row_as_full_screen_section=&#8221;no&#8221; type=&#8221;grid&#8221; text_align=&#8221;left&#8221; background_animation=&#8221;none&#8221; padding_top=&#8221;95&#8243; padding_bottom=&#8221;60&#8243; css_animation=&#8221;&#8221; background_color=&#8221;rgba(153,153,51,0.08)&#8221;][vc_column width=&#8221;1\/2&#8243;][vc_column_text]<\/p>\n<h5><strong>FILOSOFIA<\/strong><\/h5>\n<p>[\/vc_column_text][vc_separator type=&#8221;transparent&#8221; border_style=&#8221;&#8221; up=&#8221;20&#8243; down=&#8221;0&#8243;][vc_column_text]<\/p>\n<h5>ESPECIALITZACI\u00d3<\/h5>\n<p>Som un despatx amb una \u00e0mplia experi\u00e8ncia i en continua actualitzaci\u00f3 en les mat\u00e8ries que tractem.<\/p>\n<h5>EQUIP<\/h5>\n<p>La nostra cohesi\u00f3 \u00e9s fruit d\u2019anys treballant plegades, compartint experi\u00e8ncies, coneixements i la passi\u00f3 per la nostra feina.<\/p>\n<h5>EXCLUSIVITAT<\/h5>\n<p>Treballem de forma personal els assumptes encomanats i ens agrada tractar al client de forma individualitzada. Perqu\u00e8 cada client \u00e9s \u00fanic i cada cas tamb\u00e9.<\/p>\n<h5>EXCEL\u00b7L\u00c8NCIA<\/h5>\n<p>Basada en l\u2019esfor\u00e7, la formaci\u00f3 continua, la qualitat del servei i el rigor en la nostra feina.<\/p>\n<h5>\u00c8TICA<\/h5>\n<p>La honestedat\u00a0 i la transpar\u00e8ncia marquen el nostre codi de conducta.<\/p>\n<h5>CONFIAN\u00c7A<\/h5>\n<p>Ens avala la feina ben feta i ens preocupem per comunicar de forma efectiva, mantenint un di\u00e0leg proper amb els nostres clients per a que se sentin escoltats i protegits.[\/vc_column_text][vc_separator type=&#8221;transparent&#8221; border_style=&#8221;&#8221; up=&#8221;40&#8243; down=&#8221;0&#8243;][\/vc_column][vc_column width=&#8221;1\/2&#8243;][vc_single_image image=&#8221;22181&#8243; img_size=&#8221;full&#8221; qode_css_animation=&#8221;&#8221;][\/vc_column][\/vc_row][vc_row row_type=&#8221;parallax&#8221; text_align=&#8221;left&#8221; background_image=&#8221;22335&#8243; full_screen_section_height=&#8221;no&#8221; section_height=&#8221;365&#8243;][vc_column css=&#8221;.vc_custom_1665419976328{padding-top: 70px !important;padding-bottom: 50px !important;}&#8221;]<span class=\"q_font_elegant_holder q_icon_shortcode normal  \" style=\"font-size: 50px;color: #8c934d; \"><span class=\"q_font_elegant_icon icon_quotations\" aria-hidden=\"true\" style=\"font-size: 50px;width: 50px;height: 50px;\"><\/span><\/span>[vc_separator type=&#8221;transparent&#8221; border_style=&#8221;&#8221; up=&#8221;25&#8243; down=&#8221;25&#8243;]<div class=\"testimonials_holder clearfix  \"><div class=\"testimonials testimonials_carousel\" data-show-navigation=\"no\" data-show-navigation-arrows=\"no\" data-animation-type=\"fade\" data-animation-speed=\"\" data-auto-rotate-slides=\"3\"><ul class=\"slides\"><li id=\"testimonials22830\" class=\"testimonial_content\"><div class=\"testimonial_content_inner\"><div class=\"testimonial_text_holder left_align\"><div class=\"testimonial_text_inner\"><p style='font-size:21px;color:#ffffff;'>La honestedat i la transpar\u00e8ncia marquen el nostre codi de conducta<\/p><p class=\"testimonial_author\" style=\"color: #ffffff;\">- <\/p><\/div><\/div><\/div><\/li><\/ul><\/div><\/div>[vc_column_text]<img loading=\"lazy\" decoding=\"async\" class=\"alignnone wp-image-22229\" src=\"https:\/\/dominguezventura.es\/wp-content\/uploads\/2022\/11\/logo_adv_blanc3-300x138.png\" alt=\"\" width=\"102\" height=\"47\" srcset=\"https:\/\/dominguezventura.es\/wp-content\/uploads\/2022\/11\/logo_adv_blanc3-300x138.png 300w, https:\/\/dominguezventura.es\/wp-content\/uploads\/2022\/11\/logo_adv_blanc3-345x160.png 345w, https:\/\/dominguezventura.es\/wp-content\/uploads\/2022\/11\/logo_adv_blanc3.png 348w\" sizes=\"auto, (max-width: 102px) 100vw, 102px\" \/>[\/vc_column_text][\/vc_column][\/vc_row]<\/p>\n<\/div>","protected":false},"excerpt":{"rendered":"<p>[vc_row row_type=&#8221;row&#8221; use_row_as_full_screen_section=&#8221;no&#8221; type=&#8221;grid&#8221; text_align=&#8221;left&#8221; background_animation=&#8221;none&#8221; padding_top=&#8221;85&#8243; padding_bottom=&#8221;50&#8243; css_animation=&#8221;&#8221; background_color=&#8221;#ffffff&#8221; css=&#8221;.vc_custom_1665404182586{padding-top: 20px !important;padding-bottom: 20px !important;}&#8221;][vc_column width=&#8221;1\/2&#8243;][vc_column_text]DVAA ABOGADAS \u00e9s l\u2019evoluci\u00f3 de Dom\u00ednguez Ventura Abogados Asociados que es va fundar l&#8217;any 2008 despr\u00e9s d&#8217;una llarga traject\u00f2ria dels seus socis en l&#8217;\u00e0mbit del Dret Sanitari, Responsabilitat Civil i&#8230;<\/p>\n","protected":false},"author":1,"featured_media":0,"parent":0,"menu_order":0,"comment_status":"open","ping_status":"open","template":"full_width.php","meta":{"footnotes":""},"class_list":["post-22824","page","type-page","status-publish","hentry"],"_links":{"self":[{"href":"https:\/\/dominguezventura.es\/ca\/wp-json\/wp\/v2\/pages\/22824","targetHints":{"allow":["GET"]}}],"collection":[{"href":"https:\/\/dominguezventura.es\/ca\/wp-json\/wp\/v2\/pages"}],"about":[{"href":"https:\/\/dominguezventura.es\/ca\/wp-json\/wp\/v2\/types\/page"}],"author":[{"embeddable":true,"href":"https:\/\/dominguezventura.es\/ca\/wp-json\/wp\/v2\/users\/1"}],"replies":[{"embeddable":true,"href":"https:\/\/dominguezventura.es\/ca\/wp-json\/wp\/v2\/comments?post=22824"}],"version-history":[{"count":5,"href":"https:\/\/dominguezventura.es\/ca\/wp-json\/wp\/v2\/pages\/22824\/revisions"}],"predecessor-version":[{"id":22964,"href":"https:\/\/dominguezventura.es\/ca\/wp-json\/wp\/v2\/pages\/22824\/revisions\/22964"}],"wp:attachment":[{"href":"https:\/\/dominguezventura.es\/ca\/wp-json\/wp\/v2\/media?parent=22824"}],"curies":[{"name":"wp","href":"https:\/\/api.w.org\/{rel}","templated":true}]}}