{"id":22828,"date":"2022-12-28T12:22:45","date_gmt":"2022-12-28T12:22:45","guid":{"rendered":"https:\/\/dominguezventura.es\/politica-de-cookies\/"},"modified":"2023-05-08T12:01:19","modified_gmt":"2023-05-08T12:01:19","slug":"politica-de-cookies","status":"publish","type":"page","link":"https:\/\/dominguezventura.es\/ca\/politica-de-cookies\/","title":{"rendered":"Pol\u00edtica de Cookies"},"content":{"rendered":"<div class=\"wpb-content-wrapper\"><p>[vc_row row_type=&#8221;row&#8221; use_row_as_full_screen_section=&#8221;no&#8221; type=&#8221;grid&#8221; text_align=&#8221;left&#8221; background_animation=&#8221;none&#8221; css_animation=&#8221;&#8221; css=&#8221;.vc_custom_1672229872888{margin-top: 80px !important;padding-top: 40px !important;}&#8221; background_color=&#8221;#f2f2f2&#8243;][vc_column][vc_column_text]<\/p>\n<h2>Pol\u00edtica de cookies<\/h2>\n<p>[\/vc_column_text][\/vc_column][\/vc_row][vc_row row_type=&#8221;row&#8221; use_row_as_full_screen_section=&#8221;no&#8221; type=&#8221;grid&#8221; text_align=&#8221;left&#8221; background_animation=&#8221;none&#8221; css_animation=&#8221;&#8221; css=&#8221;.vc_custom_1672229855439{padding-top: 40px !important;}&#8221; background_color=&#8221;#f2f2f2&#8243;][vc_column][vc_column_text]<\/p>\n<div class=\"content_inner \">\n<div class=\"container\">\n<div class=\"container_inner default_template_holder clearfix\">\n<div class=\"vc_row wpb_row section vc_row-fluid \">\n<div class=\" full_section_inner clearfix\">\n<div class=\"wpb_column vc_column_container vc_col-sm-12\">\n<div class=\"vc_column-inner \">\n<div class=\"wpb_wrapper\">\n<div class=\"wpb_text_column wpb_content_element \">\n<p><strong>Pol\u00edtica de cookies<\/strong><\/p>\n<p>Aqu\u00ed us expliquem qu\u00e8 s\u00f3n les cookies i com les fem servir. En qualsevol moment, podeu retirar el vostre consentiment\u00a0 de cookies del nostre lloc web des del vostre navagador. El vostre consentiment s\u2019aplica al domini: www.dominguezventura.es<\/p>\n<p>&nbsp;<\/p>\n<p><strong>Qu\u00e8 s\u00f3n les cookies?<\/strong><\/p>\n<p>Les cookies s\u00f3n petits fitxers de text que s\u2019utilitzen per emmagatzemar dades. S\u2019emmagatzemen al vostre dispositiu quan es carrega el lloc web al navegador. Aquestes cookies ens ajuden a fer que el nostre web funcioni correctament, a fer-lo m\u00e9s segur, a proporcionar una millor experi\u00e8ncia d\u2019usuari, a entendre el funcionament del lloc\u00a0 i a analitzar qu\u00e8 funciona i qu\u00e8 necessita una millora.<\/p>\n<p>&nbsp;<\/p>\n<p><strong>Com utilitzem les cookies?<\/strong><\/p>\n<p>Com la majoria dels serveis en l\u00ednia, el nostre lloc web utilitza cookies pr\u00f2pies i de tercers per a diversos prop\u00f2sits. Les cookies pr\u00f2pies s\u00f3n b\u00e0sicament necess\u00e0ries perqu\u00e8 el lloc web funcioni correctament i no recopilen cap de les vostres dades d\u2019identificaci\u00f3 personal. Les cookies de tercers que s\u2019utilitzen\u00a0 serveixen, principalment, per entendre el funcionament del lloc; com interactueu amb el nostre lloc, mantenir segurs els nostres serveis\u00a0 i, en definitiva, proporcionar-vos un espai de navegaci\u00f3 millor i millorat.<\/p>\n<p>&nbsp;<\/p>\n<p><strong>Quins tipus de cookies fem servir?<\/strong><\/p>\n<p><strong>Essencials<\/strong>: algunes cookies s\u00f3n essencials perqu\u00e8 pugueu experimentar la plena funcionalitat del nostre lloc. Ens permeten mantenir sessions d\u2019usuaris i prevenir amenaces de seguretat. No recopilen ni emmagatzemen cap informaci\u00f3 personal.<\/p>\n<p><strong>Estad\u00edstiques<\/strong>: aquestes cookies emmagatzemen informaci\u00f3 com el nombre de visitants del lloc web, quines p\u00e0gines del lloc web s\u2019han visitat, la font de la visita, etc. Aquestes dades ens ajuden a comprendre i analitzar el rendiment del lloc web i on cal millorar. En concret, utilitzem Google Analytics.<\/p>\n<p><strong>Funcionals<\/strong>: Aquestes s\u00f3n les cookies que ajuden a determinades funcionalitats no essencials del nostre lloc web. Aquestes funcionalitats inclouen: incrustar contingut com v\u00eddeos o compartir contingut a les xarxes socials.<\/p>\n<p><strong>Prefer\u00e8ncies<\/strong>: aquestes cookies ens ajuden a emmagatzemar la vostra configuraci\u00f3 i prefer\u00e8ncies de navegaci\u00f3, com ara les prefer\u00e8ncies d\u2019idioma, de manera que tingueu una millor i m\u00e9s eficient experi\u00e8ncia en futures visites.<\/p>\n<p>&nbsp;<\/p>\n<p><strong>Com podeu controlar les prefer\u00e8ncies de cookies?<\/strong><\/p>\n<p>Les cookies les podeu <strong>bloquejar o esborrar<\/strong> des del vostre navegador. Per a m\u00e9s informaci\u00f3:<\/p>\n<p><strong>Internet Explorer:<\/strong> <a href=\"http:\/\/windows.microsoft.com\/es-xl\/internet-explorer\/delete-manage-cookies#ie=ie-11\" target=\"_blank\" rel=\"noopener\">http:\/\/windows.microsoft.com\/es-xl\/internet-explorer\/delete-manage-cookies#ie=ie-11<\/a><br \/>\n<strong>FireFox:<\/strong> <a href=\"https:\/\/support.mozilla.org\/es\/kb\/Borrar%20cookies\" target=\"_blank\" rel=\"noopener\">https:\/\/support.mozilla.org\/es\/kb\/Borrar%20cookies<\/a><br \/>\n<strong>Chrome:<\/strong> <a href=\"https:\/\/support.google.com\/chrome\/answer\/95647?hl=es\" target=\"_blank\" rel=\"noopener\">https:\/\/support.google.com\/chrome\/answer\/95647?hl=es<\/a><br \/>\n<strong>Safari:<\/strong> <a href=\"http:\/\/www.apple.com\/legal\/privacy\/es\/cookies\/\" target=\"_blank\" rel=\"noopener\">http:\/\/www.apple.com\/legal\/privacy\/es\/cookies\/<\/a><br \/>\n<strong>Opera:<\/strong> <a href=\"http:\/\/help.opera.com\/Linux\/10.50\/en\/cookies.html\" target=\"_blank\" rel=\"noopener\">http:\/\/help.opera.com\/Linux\/10.50\/en\/cookies.html<\/a><br \/>\n<strong>Safari para iOS (dispositivos iPhone y iPad):<\/strong> <a href=\"http:\/\/help.opera.com\/Linux\/10.50\/en\/cookies.html\" target=\"_blank\" rel=\"noopener\">http:\/\/help.opera.com\/Linux\/10.50\/en\/cookies.html<\/a><br \/>\n<strong>Chrome para Android:<\/strong> <a href=\"https:\/\/support.google.com\/chrome\/answer\/2392971?hl=es\" target=\"_blank\" rel=\"noopener\">https:\/\/support.google.com\/chrome\/answer\/2392971?hl=es<\/a><br \/>\n<strong>Windows Phone:<\/strong> <a href=\"http:\/\/www.windowsphone.com\/es-es\/how-to\/wp7\/web\/changing-privacy-and-other-browser-\" target=\"_blank\" rel=\"noopener\">http:\/\/www.windowsphone.com\/es-es\/how-to\/wp7\/web\/changing-privacy-and-other-browser-<\/a><\/p>\n<p>Per obtenir m\u00e9s informaci\u00f3 sobre l\u2019eliminaci\u00f3, deshabilitaci\u00f3 o bloqueig de les cookies tamb\u00e9 podeu visitar:<br \/>\n<a href=\"http:\/\/www.aboutcookies.org\/Default.aspx?page=2\" target=\"_blank\" rel=\"noopener\">http:\/\/www.aboutcookies.org<\/a><\/p>\n<p>&nbsp;<\/p>\n<p><strong>Advertiment: <\/strong>Si elimineu o bloquejeu totes les cookies, la vostra exper\u00e8ncia d\u2019usuari pot veure\u2019s afectada.<\/p>\n<p>&nbsp;<\/p>\n<p><strong>Actualitzaci\u00f3 de la pol\u00edtica de cookies<\/strong><br \/>\nPodem modificar aquesta pol\u00edtica sobre cookies, per aix\u00f2 et recomanem revisar-la cada vegada que accedeixis al nostre lloc web per tal d\u2019estar informat sobre l\u2019\u00fas que en fem.<\/p>\n<p>&nbsp;<\/p>\n<\/div>\n<\/div>\n<\/div>\n<\/div>\n<\/div>\n<\/div>\n<\/div>\n<\/div>\n<\/div>\n<p>[\/vc_column_text][\/vc_column][\/vc_row]<\/p>\n<\/div>","protected":false},"excerpt":{"rendered":"<p>[vc_row row_type=&#8221;row&#8221; use_row_as_full_screen_section=&#8221;no&#8221; type=&#8221;grid&#8221; text_align=&#8221;left&#8221; background_animation=&#8221;none&#8221; css_animation=&#8221;&#8221; css=&#8221;.vc_custom_1672229872888{margin-top: 80px !important;padding-top: 40px !important;}&#8221; background_color=&#8221;#f2f2f2&#8243;][vc_column][vc_column_text] Pol\u00edtica de cookies [\/vc_column_text][\/vc_column][\/vc_row][vc_row row_type=&#8221;row&#8221; use_row_as_full_screen_section=&#8221;no&#8221; type=&#8221;grid&#8221; text_align=&#8221;left&#8221; background_animation=&#8221;none&#8221; css_animation=&#8221;&#8221; css=&#8221;.vc_custom_1672229855439{padding-top: 40px !important;}&#8221; background_color=&#8221;#f2f2f2&#8243;][vc_column][vc_column_text] Pol\u00edtica de cookies Aqu\u00ed us expliquem qu\u00e8 s\u00f3n les cookies i com les fem servir. En qualsevol moment,&#8230;<\/p>\n","protected":false},"author":1,"featured_media":0,"parent":0,"menu_order":0,"comment_status":"closed","ping_status":"closed","template":"full_width.php","meta":{"footnotes":""},"class_list":["post-22828","page","type-page","status-publish","hentry"],"_links":{"self":[{"href":"https:\/\/dominguezventura.es\/ca\/wp-json\/wp\/v2\/pages\/22828","targetHints":{"allow":["GET"]}}],"collection":[{"href":"https:\/\/dominguezventura.es\/ca\/wp-json\/wp\/v2\/pages"}],"about":[{"href":"https:\/\/dominguezventura.es\/ca\/wp-json\/wp\/v2\/types\/page"}],"author":[{"embeddable":true,"href":"https:\/\/dominguezventura.es\/ca\/wp-json\/wp\/v2\/users\/1"}],"replies":[{"embeddable":true,"href":"https:\/\/dominguezventura.es\/ca\/wp-json\/wp\/v2\/comments?post=22828"}],"version-history":[{"count":5,"href":"https:\/\/dominguezventura.es\/ca\/wp-json\/wp\/v2\/pages\/22828\/revisions"}],"predecessor-version":[{"id":22908,"href":"https:\/\/dominguezventura.es\/ca\/wp-json\/wp\/v2\/pages\/22828\/revisions\/22908"}],"wp:attachment":[{"href":"https:\/\/dominguezventura.es\/ca\/wp-json\/wp\/v2\/media?parent=22828"}],"curies":[{"name":"wp","href":"https:\/\/api.w.org\/{rel}","templated":true}]}}