{"id":22844,"date":"2022-12-20T08:56:05","date_gmt":"2022-12-20T08:56:05","guid":{"rendered":"https:\/\/dominguezventura.es\/aviso-legal\/"},"modified":"2023-05-04T13:34:17","modified_gmt":"2023-05-04T13:34:17","slug":"aviso-legal","status":"publish","type":"page","link":"https:\/\/dominguezventura.es\/en\/aviso-legal\/","title":{"rendered":"Avis Legal"},"content":{"rendered":"<div class=\"wpb-content-wrapper\"><p>[vc_row row_type=&#8221;row&#8221; use_row_as_full_screen_section=&#8221;no&#8221; type=&#8221;grid&#8221; text_align=&#8221;left&#8221; background_animation=&#8221;none&#8221; css_animation=&#8221;&#8221; background_color=&#8221;#f2f2f2&#8243; css=&#8221;.vc_custom_1671526290827{margin-top: 80px !important;padding-top: 40px !important;}&#8221;][vc_column][vc_column_text]<\/p>\n<h2>AV\u00cdS LEGAL<\/h2>\n<p>[\/vc_column_text][\/vc_column][\/vc_row][vc_row row_type=&#8221;row&#8221; use_row_as_full_screen_section=&#8221;no&#8221; type=&#8221;grid&#8221; text_align=&#8221;left&#8221; background_animation=&#8221;none&#8221; css_animation=&#8221;&#8221; css=&#8221;.vc_custom_1671526127531{padding-top: 40px !important;}&#8221; background_color=&#8221;#f2f2f2&#8243;][vc_column][vc_column_text]<\/p>\n<h4><strong>Titular de la Web<\/strong><\/h4>\n<p>El dominio <a href=\"http:\/\/www.dominguezventura.es\">www.dominguezventura.es<\/a> \u00a0es titularidad de Dom\u00ednguez Ventura S.L.P. con CIF B64723133 y domicilio a efectos de notificaciones en Calle Mallorca 299, 1\u00ba, 1\u00aa 08037 Barcelona, sociedad inscrita en el Registro Mercantil de Barcelona, Tomo 40274, Folio 101, Hoja B 361866, Inscripci\u00f3n 1 y cuyo objeto social principal es el ejercicio de la abogac\u00eda.<\/p>\n<p>&nbsp;<\/p>\n<h4><strong>Uso de la Web<\/strong><\/h4>\n<p>La visita o acceso a este sitio web es absolutamente voluntaria atribuyendo a quien accede al mismo la condici\u00f3n de usuario. Atendiendo a su condici\u00f3n de usuario, y por el hecho de acceder a este sitio web, se le exige la aceptaci\u00f3n de los T\u00e9rminos de Uso que en cada momento se encuentren vigentes en la presente direcci\u00f3n, por lo cual el Usuario deber\u00e1 leer detenidamente y aceptar sin ning\u00fan tipo de reservas la presente Advertencia Legal antes de realizar cualquier tipo de operaci\u00f3n, visionado, utilizaci\u00f3n, etc. con este sitio web. Y hacer un uso correcto del Portal de conformidad con la Ley 34\/2002, de 11 de Julio, LSSICE.<\/p>\n<p>Queda expresamente prohibido el uso del Portal con fines lesivos o emplear dichos servicios y contenidos de forma contraria a la legislaci\u00f3n que sea de aplicaci\u00f3n, ni utilizarlos para actividades il\u00edcitas, contrarias a la buena fe o al orden p\u00fablico.<\/p>\n<p>&nbsp;<\/p>\n<h4><strong>Contenido de la Web y enlaces<\/strong><\/h4>\n<p>Dom\u00ednguez Ventura S.L.P., proporciona informaci\u00f3n clara y gratuita a los usuarios sobre su actividad profesional, as\u00ed como acerca de la ubicaci\u00f3n del despacho y los integrantes del mismo.<\/p>\n<p>En la p\u00e1gina web de Dom\u00ednguez Ventura S.L.P. no se realizan en la actualidad enlaces (links) a otras p\u00e1ginas web. Respecto a las redes sociales, donde los usuarios podr\u00e1n redirigirse y participar, se regir\u00e1n por sus condiciones particulares, as\u00ed como por la pol\u00edtica de privacidad y normativa interna de las redes o entornos web donde sean desarrolladas y que el usuario, en todo caso, declarar\u00e1 conocer y aceptar, desde el momento en que se valide en las mismas.<\/p>\n<p>Con los l\u00edmites establecidos en la Ley, Dom\u00ednguez Ventura S.L.P. no asume ninguna responsabilidad derivada de la falta de actualizaci\u00f3n y precisi\u00f3n de los datos o informaciones que se contienen en sus p\u00e1ginas de Internet.<\/p>\n<p>&nbsp;<\/p>\n<h4><strong>Propiedad intelectual de la web<\/strong><\/h4>\n<p>Todos los derechos de propiedad intelectual del contenido de esta p\u00e1gina Web, su dise\u00f1o gr\u00e1fico y sus c\u00f3digos fuente, son titularidad exclusiva de Dom\u00ednguez Ventura S.L.P. correspondi\u00e9ndole el ejercicio exclusivo de los derechos de explotaci\u00f3n de los mismos, sin que pueda entenderse que el acceso al Portal atribuya ning\u00fan derecho sobre \u00e9stos.<\/p>\n<p>Queda prohibida su reproducci\u00f3n, distribuci\u00f3n, comunicaci\u00f3n p\u00fablica y transformaci\u00f3n, total o parcial, sin la autorizaci\u00f3n expresa de Dom\u00ednguez Ventura S.L.P. Igualmente, todos los nombres comerciales, marcas o signos distintos de cualquier clase contenidos en este web site est\u00e1n protegidos por ley.<\/p>\n<p>&nbsp;<\/p>\n<h4><strong>Actualizaci\u00f3n y modificaci\u00f3n de la p\u00e1gina web<\/strong><\/h4>\n<p>Dom\u00ednguez Ventura S.L.P., se reserva el derecho a actualizar, modificar o eliminar la informaci\u00f3n contenida en su web site, y la configuraci\u00f3n o presentaci\u00f3n del mismo, en cualquier momento, sin previo aviso, y sin asumir responsabilidad alguna por ello.<\/p>\n<p>&nbsp;<\/p>\n<h4><strong>Indicaciones sobre aspectos t\u00e9cnicos<\/strong><\/h4>\n<p>Dom\u00ednguez Ventura S.L.P. no asume ninguna responsabilidad que se pueda derivar de problemas t\u00e9cnicos o fallos en los equipos inform\u00e1ticos que se produzcan durante la conexi\u00f3n a la red de Internet, as\u00ed como de da\u00f1os que pudieran ser causados por terceras personas mediante intromisiones ileg\u00edtimas fuera del control de Dom\u00ednguez Ventura S.L.P. Tambi\u00e9n se exonera de toda responsabilidad ante posibles da\u00f1os o perjuicios que pueda sufrir el usuario a consecuencia de errores, defectos u omisiones en la informaci\u00f3n que facilitemos cuando proceda de fuentes ajenas a nosotros, con excepci\u00f3n de todas aquellas actuaciones que resulten de la aplicaci\u00f3n de las disposiciones legales a las que deba someterse Dom\u00ednguez Ventura S.L.P. en el estricto ejercicio de sus competencias.<\/p>\n<p>&nbsp;<\/p>\n<h4><strong>Jurisdicci\u00f3n y ley aplicable<\/strong><\/h4>\n<p>El presente aviso legal y condiciones generales se rigen por la legislaci\u00f3n espa\u00f1ola. El usuario acepta estos T\u00e9rminos de Uso, y cualquier tipo de controversia relativa al uso de este sitio web, ser\u00e1 interpretado con arreglo a las leyes vigentes en el lugar de residencia del propietario de este sitio web, teniendo competencia para la resoluci\u00f3n de todo litigio o conflicto que pueda surgir los Juzgados y Tribunales competentes dentro del \u00e1mbito territorial Espa\u00f1ol, renunciando expresamente el usuario a cualquier otro fuero.<\/p>\n<p>&nbsp;<\/p>\n<p>[\/vc_column_text][\/vc_column][\/vc_row]<\/p>\n<\/div>","protected":false},"excerpt":{"rendered":"<p>[vc_row row_type=&#8221;row&#8221; use_row_as_full_screen_section=&#8221;no&#8221; type=&#8221;grid&#8221; text_align=&#8221;left&#8221; background_animation=&#8221;none&#8221; css_animation=&#8221;&#8221; background_color=&#8221;#f2f2f2&#8243; css=&#8221;.vc_custom_1671526290827{margin-top: 80px !important;padding-top: 40px !important;}&#8221;][vc_column][vc_column_text] AV\u00cdS LEGAL [\/vc_column_text][\/vc_column][\/vc_row][vc_row row_type=&#8221;row&#8221; use_row_as_full_screen_section=&#8221;no&#8221; type=&#8221;grid&#8221; text_align=&#8221;left&#8221; background_animation=&#8221;none&#8221; css_animation=&#8221;&#8221; css=&#8221;.vc_custom_1671526127531{padding-top: 40px !important;}&#8221; background_color=&#8221;#f2f2f2&#8243;][vc_column][vc_column_text] Titular de la Web El dominio www.dominguezventura.es \u00a0es titularidad de Dom\u00ednguez Ventura S.L.P. con CIF B64723133 y domicilio a&#8230;<\/p>\n","protected":false},"author":1,"featured_media":0,"parent":0,"menu_order":0,"comment_status":"closed","ping_status":"closed","template":"full_width.php","meta":{"footnotes":""},"class_list":["post-22844","page","type-page","status-publish","hentry"],"_links":{"self":[{"href":"https:\/\/dominguezventura.es\/en\/wp-json\/wp\/v2\/pages\/22844","targetHints":{"allow":["GET"]}}],"collection":[{"href":"https:\/\/dominguezventura.es\/en\/wp-json\/wp\/v2\/pages"}],"about":[{"href":"https:\/\/dominguezventura.es\/en\/wp-json\/wp\/v2\/types\/page"}],"author":[{"embeddable":true,"href":"https:\/\/dominguezventura.es\/en\/wp-json\/wp\/v2\/users\/1"}],"replies":[{"embeddable":true,"href":"https:\/\/dominguezventura.es\/en\/wp-json\/wp\/v2\/comments?post=22844"}],"version-history":[{"count":1,"href":"https:\/\/dominguezventura.es\/en\/wp-json\/wp\/v2\/pages\/22844\/revisions"}],"predecessor-version":[{"id":22845,"href":"https:\/\/dominguezventura.es\/en\/wp-json\/wp\/v2\/pages\/22844\/revisions\/22845"}],"wp:attachment":[{"href":"https:\/\/dominguezventura.es\/en\/wp-json\/wp\/v2\/media?parent=22844"}],"curies":[{"name":"wp","href":"https:\/\/api.w.org\/{rel}","templated":true}]}}