{"id":22870,"date":"2021-12-15T09:06:18","date_gmt":"2021-12-15T09:06:18","guid":{"rendered":"https:\/\/dominguezventura.es\/equipo\/"},"modified":"2026-02-04T14:58:11","modified_gmt":"2026-02-04T14:58:11","slug":"equipo","status":"publish","type":"page","link":"https:\/\/dominguezventura.es\/en\/equipo\/","title":{"rendered":"The Team"},"content":{"rendered":"<div class=\"wpb-content-wrapper\"><p>[vc_row row_type=&#8221;row&#8221; use_row_as_full_screen_section=&#8221;no&#8221; type=&#8221;grid&#8221; text_align=&#8221;left&#8221; background_animation=&#8221;none&#8221; padding_top=&#8221;85&#8243; padding_bottom=&#8221;50&#8243; css_animation=&#8221;&#8221; background_color=&#8221;#ffffff&#8221; css=&#8221;.vc_custom_1639564863534{padding-top: 30px !important;}&#8221;][vc_column][vc_column_text]Our profile as trial attorneys and our experience in Courts in all jurisdictions makes the judicial defence of our clients\u2019 interests another pillar of our professional activity.[\/vc_column_text][\/vc_column][\/vc_row][vc_row row_type=&#8221;row&#8221; use_row_as_full_screen_section=&#8221;no&#8221; type=&#8221;grid&#8221; text_align=&#8221;left&#8221; background_animation=&#8221;none&#8221; padding_top=&#8221;40&#8243; padding_bottom=&#8221;40&#8243; css_animation=&#8221;&#8221; background_color=&#8221;rgba(153,153,51,0.08)&#8221; css=&#8221;.vc_custom_1642415103364{padding-bottom: 0px !important;}&#8221;][vc_column width=&#8221;1\/2&#8243; css=&#8221;.vc_custom_1642412996658{padding-top: 40px !important;}&#8221;][vc_single_image image=&#8221;22731&#8243; img_size=&#8221;medium&#8221; alignment=&#8221;center&#8221; style=&#8221;vc_box_circle_2&#8243; css=&#8221;.vc_custom_1669981604863{padding-bottom: 10px !important;}&#8221; qode_css_animation=&#8221;&#8221;][vc_column_text css=&#8221;.vc_custom_1770217042058{padding-bottom: 10px !important;}&#8221;]<\/p>\n<h5 style=\"text-align: center;\"><span style=\"color: #8c934d;\">M\u00f3nica Riera Rosell\u00f3<\/span><\/h5>\n<p style=\"text-align: center;\"><strong><a href=\"mailto:m.riera@dvaa.es\">m.riera@dvaa.es<\/a><\/strong><\/p>\n<p style=\"text-align: center;\"><span class='q_social_icon_holder with_link circle_social' data-hover-background-color=#aeb75b data-hover-color=#393939><a href=\"https:\/\/www.linkedin.com\/in\/m%C3%B3nica-riera-rosell%C3%B3\/\" target=\"_blank\" rel=\"noopener\"><span class='fa-stack tiny circle_social' style='color: #ffffff;background-color: #8c934d;border: 1px solid #8c934d;'><span class='social_icon social_linkedin'><\/span><\/span><\/a><\/span><\/p>\n<p>[\/vc_column_text][vc_column_text css=&#8221;.vc_custom_1683213864496{padding-bottom: 10px !important;}&#8221;]M\u00f3nica Riera graduated in Law from the Universitat de Barcelona in 1995.<\/p>\n<p>In 1996, she joined the Bar Association of the Balearic Islands and subsequently joined the Barcelona Bar Association in 1999, continuing her professional work in the firm AUREN Abogados until 2001. In February 2002, she joined the firm IUS Estudio Jur\u00eddico, forming the team with which she has continued her career since they founded, in 2008, the firm Dom\u00ednguez Ventura Asociados, now DVAA Abogadas, of which she is a partner.[\/vc_column_text][vc_accordion active_tab=&#8221;false&#8221; collapsible=&#8221;yes&#8221; style=&#8221;accordion&#8221;][vc_accordion_tab title=&#8221;Leer m\u00e1s&#8221; title_tag=&#8221;h6&#8243;][vc_column_text]Specialising in Civil and Health Law and member of the Health Law Section of the Barcelona Bar Association, she has extensive experience in Courts.<\/p>\n<p>She has taken part in numerous seminars, courses and congresses held by Bar Associations, medical societies and other entities related to the areas of her specialisation and has also intervened as a speaker at conferences on health legislation aimed at public and private hospital professionals, as well as procedural aspects for legal professionals. She has also collaborated in the drafting and review of hospital protocols, as well as in aspects affecting underaged patients.<\/p>\n<p>All of this provides her with a broad view of the matters entrusted that results in a comprehensive advice given to her clients, in which she emphasises trust, honesty and the special sensitivity that the health and social sector of Law undoubtedly requires. A thorough study of cases and common sense, along with accessibility and empathy, are part of her way of understanding the practice of her profession.[\/vc_column_text][\/vc_accordion_tab][\/vc_accordion][\/vc_column][vc_column width=&#8221;1\/2&#8243; css=&#8221;.vc_custom_1642412941874{padding-top: 40px !important;}&#8221;][vc_single_image image=&#8221;22623&#8243; img_size=&#8221;medium&#8221; alignment=&#8221;center&#8221; style=&#8221;vc_box_circle_2&#8243; css=&#8221;.vc_custom_1639565036065{padding-bottom: 10px !important;}&#8221; qode_css_animation=&#8221;&#8221;][vc_column_text css=&#8221;.vc_custom_1770217049987{padding-bottom: 10px !important;}&#8221;]<\/p>\n<h5 style=\"text-align: center;\"><span style=\"color: #8c934d;\">Mireia Aznar Mart\u00edn<\/span><\/h5>\n<p style=\"text-align: center;\"><strong><a href=\"mailto:m.aznar@dvaa.es\">m.aznar@dvaa.es<\/a><\/strong><\/p>\n<p style=\"text-align: center;\"><span class='q_social_icon_holder with_link circle_social' data-hover-background-color=#aeb75b data-hover-color=#393939><a href=\"https:\/\/www.linkedin.com\/in\/mireia-aznar\/\" target=\"_blank\" rel=\"noopener\"><span class='fa-stack tiny circle_social' style='color: #ffffff;background-color: #8c934d;border: 1px solid #8c934d;'><span class='social_icon social_linkedin'><\/span><\/span><\/a><\/span><\/p>\n<p>[\/vc_column_text][vc_column_text css=&#8221;.vc_custom_1683213954202{padding-bottom: 10px !important;}&#8221;]Mireia Aznar graduated in law from the Universitat Pompeu Fabra in 2000. After completing her career, she started working in IUS Estudio Jur\u00eddico where she was trained and specialised in Civil Liability and Health Law, forming the team with which she has continued her career since they founded, in 2008, the firm Dom\u00ednguez Ventura Asociados, now DVAA Abogadas, of which she is a partner.[\/vc_column_text][vc_accordion active_tab=&#8221;false&#8221; collapsible=&#8221;yes&#8221; style=&#8221;accordion&#8221;][vc_accordion_tab title=&#8221;Leer m\u00e1s&#8221; title_tag=&#8221;h6&#8243;][vc_column_text]Since her beginnings in the profession, she felt attracted both by Civil Liability and Health Law, as well as by the practice of law in Courts, which is why she was specifically trained in Procedural Law and Civil Liability and Insurance. In her desire to learn every day and give her clients better advice and an argumentative basis for both legal and ethical dilemmas in the health professions, she completed the Master\u2019s Degree in Bioethics and Law at the Universitat de Barcelona. She has also taken the ICAB Legal English Course at Advance Level and continues to be permanently trained and updated in the subjects of her specialty.<\/p>\n<p>Her commitment to Health Law has led her to join various associations in this area and the Health Law Section of the Barcelona Bar Association, a section of which she has also been a member of its Board.<\/p>\n<p>Mireia is passionate about Law and human behaviour. So she connects and enjoys the humanistic part of medicine, biology and other disciplines in the field of health. She is demanding and perfectionist and for Mireia every new request for advice is a challenge that she takes on with enthusiasm.<\/p>\n<p>Trust and honest communication with her clients is her natural way of working and the basis of their relationship.[\/vc_column_text][\/vc_accordion_tab][\/vc_accordion][\/vc_column][\/vc_row][vc_row row_type=&#8221;row&#8221; use_row_as_full_screen_section=&#8221;no&#8221; type=&#8221;grid&#8221; text_align=&#8221;left&#8221; background_animation=&#8221;none&#8221; padding_top=&#8221;40&#8243; padding_bottom=&#8221;40&#8243; css_animation=&#8221;&#8221; background_color=&#8221;rgba(153,153,51,0.08)&#8221; css=&#8221;.vc_custom_1665650468334{padding-top: 0px !important;}&#8221;][vc_column width=&#8221;1\/2&#8243; css=&#8221;.vc_custom_1665650461551{padding-top: 40px !important;}&#8221;][vc_single_image image=&#8221;22619&#8243; img_size=&#8221;medium&#8221; alignment=&#8221;center&#8221; style=&#8221;vc_box_circle_2&#8243; css=&#8221;.vc_custom_1642154600099{padding-bottom: 10px !important;}&#8221; qode_css_animation=&#8221;&#8221;][vc_column_text css=&#8221;.vc_custom_1770217029604{padding-bottom: 10px !important;}&#8221;]<\/p>\n<h5 style=\"text-align: center;\"><span style=\"color: #8c934d;\">Tanit Arroyo Pascual<\/span><\/h5>\n<p style=\"text-align: center;\"><strong><a href=\"mailto:t.arroyo@dvaa.es\">t.arroyo@dvaa.es<\/a><\/strong><\/p>\n<p style=\"text-align: center;\"><span class='q_social_icon_holder with_link circle_social' data-hover-background-color=#aeb75b data-hover-color=#393939><a href=\"https:\/\/www.linkedin.com\/in\/tanit-arroyo\/\" target=\"_blank\" rel=\"noopener\"><span class='fa-stack tiny circle_social' style='color: #ffffff;background-color: #8c934d;border: 1px solid #8c934d;'><span class='social_icon social_linkedin'><\/span><\/span><\/a><\/span><\/p>\n<p>[\/vc_column_text][vc_column_text css=&#8221;.vc_custom_1683214006781{padding-bottom: 10px !important;}&#8221;]Tanit Arroyo graduated in law from the Universitat Aut\u00f2noma de Barcelona in 2001. During her career, she combined her studies with a internship at the firm of Court Liaisons Opisso, and then shortly before graduating she began her professional stage in IUS Estudio Jur\u00eddico, where she was trained and specialised in Civil Liability and Health Law, forming the team with which she has continued her career since they founded, in 2008, Dominguez Ventura Asociados Abogados, now DVAA Abogadas, of which she is a partner.[\/vc_column_text][vc_accordion active_tab=&#8221;false&#8221; collapsible=&#8221;yes&#8221; style=&#8221;accordion&#8221;][vc_accordion_tab title=&#8221;Leer m\u00e1s&#8221; title_tag=&#8221;h6&#8243;][vc_column_text]In the course of her studies, she was already attracted by Insurance Law, Civil Liability and Health Law, taking different optional subjects in this regard.<\/p>\n<p>Subsequently, also being attracted by Criminal Law, she took a specialisation course in the Youth Courts. Part of her professional work is also devoted to training of health professionals in medical-legal aspects, an activity that is quite a challenge in constantly updating knowledge.<\/p>\n<p>Since her beginnings, when she was doing an internship in a Court Liaison firm, she was already particularly interested in practising Law before the Courts of Justice.<\/p>\n<p>She is currently a member of the Health Law Section of the Barcelona Bar Association.<\/p>\n<p>Tanit, in her pursuit to offer reassurance to her clients, tries every day to transmit serenity and empathy, so she manages to support clients concerned asking for advice.<\/p>\n<p>Proximity, warmness and human treatment in the legal advice she provides to her clients is one of the pillars on which she bases the practice of her profession.[\/vc_column_text][\/vc_accordion_tab][\/vc_accordion][\/vc_column][vc_column width=&#8221;1\/2&#8243; css=&#8221;.vc_custom_1769532732244{padding-top: 40px !important;}&#8221;][vc_single_image image=&#8221;23300&#8243; img_size=&#8221;medium&#8221; alignment=&#8221;center&#8221; style=&#8221;vc_box_circle_2&#8243; css=&#8221;.vc_custom_1769532747800{padding-bottom: 10px !important;}&#8221; qode_css_animation=&#8221;&#8221;][vc_column_text css=&#8221;.vc_custom_1769532800046{padding-bottom: 10px !important;}&#8221;]<\/p>\n<h5 style=\"text-align: center;\"><span style=\"color: #8c934d;\">Fl\u00e0via Cabr\u00e9 Rom\u00e1n<br \/>\n<\/span><\/h5>\n<p style=\"text-align: center;\"><a href=\"mailto:f.cabre@dvaa.es\"><strong>f.cabre@dvaa.es<\/strong><\/a><\/p>\n<p style=\"text-align: center;\"><span class='q_social_icon_holder with_link circle_social' data-hover-background-color=#aeb75b data-hover-color=#393939><a href=\"https:\/\/www.linkedin.com\/in\/fl%C3%A0via-cabr%C3%A9-rom%C3%A1n\/?originalSubdomain=es\" target=\"_blank\" rel=\"noopener\"><span class='fa-stack tiny circle_social' style='color: #ffffff;background-color: #8c934d;border: 1px solid #8c934d;'><span class='social_icon social_linkedin'><\/span><\/span><\/a><\/span><\/p>\n<p>[\/vc_column_text][vc_column_text css=&#8221;.vc_custom_1769532815461{padding-bottom: 10px !important;}&#8221;]Fl\u00e0via Cabr\u00e9 Rom\u00e1n graduated in Law at Pompeu Fabra University in 2022, where she soon developed an interest in the Medical and Health Law electives. Throughout her degree, she had the opportunity to be part of law firms dedicated to Public Law, as well as in firms specialised in health and social care sectors.[\/vc_column_text][vc_accordion active_tab=&#8221;false&#8221; collapsible=&#8221;yes&#8221; style=&#8221;accordion&#8221;][vc_accordion_tab title=&#8221;Leer m\u00e1s&#8221; title_tag=&#8221;h6&#8243;][vc_column_text css=&#8221;&#8221;]In 2024 she completed the Master\u2019s Degree in Access to the Legal Profession, having carried out her curricular internship in the Legal Department of Hospital Cl\u00ednic de Barcelona. Afterwards, focusing on the social sector, she worked as a Senior Legal Technician at the Department of Social Rights of the Government of Catalonia.<\/p>\n<p>Wishing to deepen her knowledge of bioethics, from 2023 to 2025 she completed the Master\u2019s Degree in Law and Bioethics at the University of Barcelona, offered by the Observatory of Bioethics and Law. She is currently a member of the Barcelona Bar Association.<\/p>\n<p>Since January 2025 she has been part of the DVAA team as a lawyer. In this role, she provides legal advice and support and is also responsible for defending clients\u2019 rights before the courts.<\/p>\n<p>In addition, she serves on Healthcare Ethics Committees as a legal advisor and is a member of the Health Law Section and the Civil Liability and Insurance Commission of the Barcelona Bar Association (ICAB).<\/p>\n<p>Fl\u00e0via\u2019s aim is to transform legal and bioethical knowledge into a useful tool for people. She is committed to ensuring that the rights of patients, healthcare professionals and healthcare institutions are respected, and that clinical and organisational decisions are made on a solid and ethical legal basis.<\/p>\n<p>Her approach combines legal precision and a passion for continuous learning with trust, empathy, and a close, personalised service for every client.[\/vc_column_text][\/vc_accordion_tab][\/vc_accordion][\/vc_column][\/vc_row][vc_row row_type=&#8221;row&#8221; use_row_as_full_screen_section=&#8221;no&#8221; type=&#8221;grid&#8221; text_align=&#8221;left&#8221; background_animation=&#8221;none&#8221; padding_top=&#8221;40&#8243; padding_bottom=&#8221;40&#8243; css_animation=&#8221;&#8221; background_color=&#8221;rgba(153,153,51,0.08)&#8221; css=&#8221;.vc_custom_1665650468334{padding-top: 0px !important;}&#8221;][vc_column width=&#8221;1\/2&#8243; css=&#8221;.vc_custom_1665650461551{padding-top: 40px !important;}&#8221;][vc_single_image image=&#8221;22625&#8243; img_size=&#8221;medium&#8221; alignment=&#8221;center&#8221; style=&#8221;vc_box_circle_2&#8243; css=&#8221;.vc_custom_1669045211572{padding-bottom: 10px !important;}&#8221; qode_css_animation=&#8221;&#8221;][vc_column_text css=&#8221;.vc_custom_1770217086418{padding-bottom: 10px !important;}&#8221;]<\/p>\n<h5 style=\"text-align: center;\"><span style=\"color: #8c934d;\">Mari Carmen Mu\u00f1oz Bejarano<\/span><\/h5>\n<p style=\"text-align: center;\"><strong><a href=\"mailto: administracion@dvaa.es\">administracion@dvaa.es<\/a><\/strong><\/p>\n<p>[\/vc_column_text][vc_column_text css=&#8221;.vc_custom_1683214125689{padding-bottom: 10px !important;}&#8221;]<\/p>\n<p class=\"p1\" style=\"text-align: center;\">Administrative Department<\/p>\n<p>[\/vc_column_text][\/vc_column][\/vc_row][vc_row row_type=&#8221;parallax&#8221; text_align=&#8221;left&#8221; background_image=&#8221;22338&#8243; full_screen_section_height=&#8221;no&#8221;][vc_column css=&#8221;.vc_custom_1669046842697{padding-bottom: 0px !important;}&#8221;][vc_row_inner row_type=&#8221;row&#8221; type=&#8221;grid&#8221; use_row_as_full_screen_section_slide=&#8221;no&#8221; text_align=&#8221;left&#8221; padding_top=&#8221;50&#8243; padding_bottom=&#8221;50&#8243; css_animation=&#8221;&#8221; css=&#8221;.vc_custom_1669046000112{margin-bottom: 0px !important;padding-bottom: 0px !important;}&#8221;][vc_column_inner css=&#8221;.vc_custom_1669046833598{padding-bottom: 0px !important;}&#8221;]<span class=\"q_font_elegant_holder q_icon_shortcode normal  \" style=\"font-size: 50px;color: #a7a6a6; \"><a href=\"#\" target=\"_self\"><span class=\"q_font_elegant_icon icon_quotations\" aria-hidden=\"true\" style=\"font-size: 50px;width: 50px;height: 50px;\"><\/span><\/a><\/span>[vc_separator type=&#8221;transparent&#8221; border_style=&#8221;&#8221; up=&#8221;55&#8243; down=&#8221;0&#8243;][\/vc_column_inner][\/vc_row_inner]<div class=\"testimonials_holder clearfix  \"><div class=\"testimonials testimonials_carousel\" data-show-navigation=\"no\" data-show-navigation-arrows=\"no\" data-animation-type=\"fade\" data-animation-speed=\"\" data-auto-rotate-slides=\"3\"><ul class=\"slides\"><li id=\"testimonials22914\" class=\"testimonial_content\"><div class=\"testimonial_content_inner\"><div class=\"testimonial_text_holder left_align\"><div class=\"testimonial_text_inner\"><p style='color:#ffffff;'>Nuestras \u00e1reas de especialidad son el derecho sanitario, el derecho civil, el derecho penal y el derecho administrativo.<\/p><p class=\"testimonial_author\" style=\"\">- <\/p><\/div><\/div><\/div><\/li><\/ul><\/div><\/div>[vc_single_image image=&#8221;22707&#8243; img_size=&#8221;102&#215;47&#8243; css=&#8221;.vc_custom_1669047013705{margin-top: 0px !important;border-top-width: 0px !important;padding-top: 0px !important;padding-bottom: 30px !important;}&#8221; qode_css_animation=&#8221;&#8221;][\/vc_column][\/vc_row]<\/p>\n<\/div>","protected":false},"excerpt":{"rendered":"<p>[vc_row row_type=&#8221;row&#8221; use_row_as_full_screen_section=&#8221;no&#8221; type=&#8221;grid&#8221; text_align=&#8221;left&#8221; background_animation=&#8221;none&#8221; padding_top=&#8221;85&#8243; padding_bottom=&#8221;50&#8243; css_animation=&#8221;&#8221; background_color=&#8221;#ffffff&#8221; css=&#8221;.vc_custom_1639564863534{padding-top: 30px !important;}&#8221;][vc_column][vc_column_text]Our profile as trial attorneys and our experience in Courts in all jurisdictions makes the judicial defence of our clients\u2019 interests another pillar of our professional activity.[\/vc_column_text][\/vc_column][\/vc_row][vc_row row_type=&#8221;row&#8221; use_row_as_full_screen_section=&#8221;no&#8221; type=&#8221;grid&#8221; text_align=&#8221;left&#8221; background_animation=&#8221;none&#8221; padding_top=&#8221;40&#8243;&#8230;<\/p>\n","protected":false},"author":1,"featured_media":0,"parent":0,"menu_order":0,"comment_status":"closed","ping_status":"closed","template":"full_width.php","meta":{"footnotes":""},"class_list":["post-22870","page","type-page","status-publish","hentry"],"_links":{"self":[{"href":"https:\/\/dominguezventura.es\/en\/wp-json\/wp\/v2\/pages\/22870","targetHints":{"allow":["GET"]}}],"collection":[{"href":"https:\/\/dominguezventura.es\/en\/wp-json\/wp\/v2\/pages"}],"about":[{"href":"https:\/\/dominguezventura.es\/en\/wp-json\/wp\/v2\/types\/page"}],"author":[{"embeddable":true,"href":"https:\/\/dominguezventura.es\/en\/wp-json\/wp\/v2\/users\/1"}],"replies":[{"embeddable":true,"href":"https:\/\/dominguezventura.es\/en\/wp-json\/wp\/v2\/comments?post=22870"}],"version-history":[{"count":9,"href":"https:\/\/dominguezventura.es\/en\/wp-json\/wp\/v2\/pages\/22870\/revisions"}],"predecessor-version":[{"id":23329,"href":"https:\/\/dominguezventura.es\/en\/wp-json\/wp\/v2\/pages\/22870\/revisions\/23329"}],"wp:attachment":[{"href":"https:\/\/dominguezventura.es\/en\/wp-json\/wp\/v2\/media?parent=22870"}],"curies":[{"name":"wp","href":"https:\/\/api.w.org\/{rel}","templated":true}]}}