{"id":22910,"date":"2022-12-28T12:22:45","date_gmt":"2022-12-28T12:22:45","guid":{"rendered":"https:\/\/dominguezventura.es\/politica-de-cookies\/"},"modified":"2023-05-08T13:31:31","modified_gmt":"2023-05-08T13:31:31","slug":"politica-de-cookies","status":"publish","type":"page","link":"https:\/\/dominguezventura.es\/en\/politica-de-cookies\/","title":{"rendered":"About Cookies"},"content":{"rendered":"<div class=\"wpb-content-wrapper\"><p>[vc_row row_type=&#8221;row&#8221; use_row_as_full_screen_section=&#8221;no&#8221; type=&#8221;grid&#8221; text_align=&#8221;left&#8221; background_animation=&#8221;none&#8221; css_animation=&#8221;&#8221; css=&#8221;.vc_custom_1672229872888{margin-top: 80px !important;padding-top: 40px !important;}&#8221; background_color=&#8221;#f2f2f2&#8243;][vc_column][vc_column_text]<\/p>\n<h2>About cookies<\/h2>\n<p>[\/vc_column_text][\/vc_column][\/vc_row][vc_row row_type=&#8221;row&#8221; use_row_as_full_screen_section=&#8221;no&#8221; type=&#8221;grid&#8221; text_align=&#8221;left&#8221; background_animation=&#8221;none&#8221; css_animation=&#8221;&#8221; css=&#8221;.vc_custom_1672229855439{padding-top: 40px !important;}&#8221; background_color=&#8221;#f2f2f2&#8243;][vc_column][vc_column_text]This Cookie Policy explains what cookies are and how we use them, the types of cookies we use i.e, the information we collect using cookies and how that information is used, and how to control the cookie preferences.<\/p>\n<p>You can at any time change or withdraw your consent from the Cookie Declaration on our website<\/p>\n<p>Learn more about who we are, how you can contact us, and how we process personal data in our Privacy Policy.<\/p>\n<p>Your consent applies to the following domains: https:\/\/dominguezventura.es\/<\/p>\n<p>&nbsp;<\/p>\n<p>What are cookies?<\/p>\n<p>&nbsp;<\/p>\n<p>Cookies are small text files that are used to store small pieces of information. They are stored on your device when the website is loaded on your browser. These cookies help us make the website function properly, make it more secure, provide better user experience.<\/p>\n<p>&nbsp;<\/p>\n<p>How do we use cookies ?<\/p>\n<p>&nbsp;<\/p>\n<p>As most of the online services, our website uses first-party and third-party cookies for several purposes. First-party cookies are mostly necessary for the website to function the right way, and they do not collect any of your personally identifiable data.<\/p>\n<p>The third-party cookies used on our website are mainly for\u00a0 keeping our services secure and help speed up your future interactions with our website.<\/p>\n<p>&nbsp;<\/p>\n<p>What types of cookies do we use ?<\/p>\n<p>&nbsp;<\/p>\n<p>Essential: Some cookies are essential for you to be able to experience the full functionality of our site. They allow us to maintain user sessions and prevent any security threats. They do not collect or store any personal information.<\/p>\n<p>&nbsp;<\/p>\n<p>Preferences: These cookies help us store your settings and browsing preferences like language preferences so that you have a better and efficient experience on future visits to the website.<\/p>\n<p>&nbsp;<\/p>\n<p>How can I control the cookie preferences ?<\/p>\n<p>&nbsp;<\/p>\n<p>The different browsers provide different methods to block and delete cookies used by websites. You can change the settings of your browser to block\/delete the cookies. More info:<\/p>\n<p>&nbsp;<\/p>\n<p>Internet Explorer: http:\/\/windows.microsoft.com\/es-xl\/internet-explorer\/delete-manage-cookies#ie=ie-11<\/p>\n<p>FireFox: https:\/\/support.mozilla.org\/es\/kb\/Borrar%20cookies<\/p>\n<p>Chrome: https:\/\/support.google.com\/chrome\/answer\/95647?hl=es<\/p>\n<p>Safari: http:\/\/www.apple.com\/legal\/privacy\/es\/cookies\/<\/p>\n<p>Opera: http:\/\/help.opera.com\/Linux\/10.50\/en\/cookies.html<\/p>\n<p>Safari para iOS (dispositivos iPhone y iPad): http:\/\/help.opera.com\/Linux\/10.50\/en\/cookies.html<\/p>\n<p>Chrome para Android: https:\/\/support.google.com\/chrome\/answer\/2392971?hl=es<\/p>\n<p>Windows Phone: http:\/\/www.windowsphone.com\/es-es\/how-to\/wp7\/web\/changing-privacy-and-other-browser-<\/p>\n<p>Para obtener m\u00e1s informaci\u00f3n sobre la eliminaci\u00f3n, deshabilitaci\u00f3 o bloqueo de las cookies tambi\u00e9n pod\u00e9is visitar:<\/p>\n<p>http:\/\/www.aboutcookies.org<\/p>\n<p>&nbsp;<\/p>\n<p>Warning: If you delete or block cookies, the quality of your user experience may be affected.<\/p>\n<p>&nbsp;<\/p>\n<p>Actualizaci\u00f3n de la pol\u00edtica de cookies<\/p>\n<p>&nbsp;<\/p>\n<p>Nuestra pol\u00edtica sobre cookies puede ser modificada, por eso te recomendamos revisarla cada vez que accedas a nuestro sitio web para estar informado sobre su uso.[\/vc_column_text][\/vc_column][\/vc_row]<\/p>\n<\/div>","protected":false},"excerpt":{"rendered":"<p>[vc_row row_type=&#8221;row&#8221; use_row_as_full_screen_section=&#8221;no&#8221; type=&#8221;grid&#8221; text_align=&#8221;left&#8221; background_animation=&#8221;none&#8221; css_animation=&#8221;&#8221; css=&#8221;.vc_custom_1672229872888{margin-top: 80px !important;padding-top: 40px !important;}&#8221; background_color=&#8221;#f2f2f2&#8243;][vc_column][vc_column_text] About cookies [\/vc_column_text][\/vc_column][\/vc_row][vc_row row_type=&#8221;row&#8221; use_row_as_full_screen_section=&#8221;no&#8221; type=&#8221;grid&#8221; text_align=&#8221;left&#8221; background_animation=&#8221;none&#8221; css_animation=&#8221;&#8221; css=&#8221;.vc_custom_1672229855439{padding-top: 40px !important;}&#8221; background_color=&#8221;#f2f2f2&#8243;][vc_column][vc_column_text]This Cookie Policy explains what cookies are and how we use them, the types of cookies we use i.e, the&#8230;<\/p>\n","protected":false},"author":1,"featured_media":0,"parent":0,"menu_order":0,"comment_status":"closed","ping_status":"closed","template":"full_width.php","meta":{"footnotes":""},"class_list":["post-22910","page","type-page","status-publish","hentry"],"_links":{"self":[{"href":"https:\/\/dominguezventura.es\/en\/wp-json\/wp\/v2\/pages\/22910","targetHints":{"allow":["GET"]}}],"collection":[{"href":"https:\/\/dominguezventura.es\/en\/wp-json\/wp\/v2\/pages"}],"about":[{"href":"https:\/\/dominguezventura.es\/en\/wp-json\/wp\/v2\/types\/page"}],"author":[{"embeddable":true,"href":"https:\/\/dominguezventura.es\/en\/wp-json\/wp\/v2\/users\/1"}],"replies":[{"embeddable":true,"href":"https:\/\/dominguezventura.es\/en\/wp-json\/wp\/v2\/comments?post=22910"}],"version-history":[{"count":1,"href":"https:\/\/dominguezventura.es\/en\/wp-json\/wp\/v2\/pages\/22910\/revisions"}],"predecessor-version":[{"id":22911,"href":"https:\/\/dominguezventura.es\/en\/wp-json\/wp\/v2\/pages\/22910\/revisions\/22911"}],"wp:attachment":[{"href":"https:\/\/dominguezventura.es\/en\/wp-json\/wp\/v2\/media?parent=22910"}],"curies":[{"name":"wp","href":"https:\/\/api.w.org\/{rel}","templated":true}]}}